


{"id":783,"date":"2023-09-10T16:06:42","date_gmt":"2023-09-10T14:06:42","guid":{"rendered":"http:\/\/localhost\/wordpress\/?page_id=783"},"modified":"2024-08-21T16:01:34","modified_gmt":"2024-08-21T14:01:34","slug":"nos-objectifs","status":"publish","type":"page","link":"https:\/\/pediateam.fr\/?page_id=783","title":{"rendered":"Nos objectifs"},"content":{"rendered":"\n<div class=\"wp-block-cover alignfull\" style=\"min-height:300px;aspect-ratio:unset;\"><span aria-hidden=\"true\" class=\"wp-block-cover__background has-nv-dark-bg-background-color has-background-dim-100 has-background-dim\"><\/span><div class=\"wp-block-cover__inner-container is-layout-flow wp-block-cover-is-layout-flow\">\n<div style=\"height:40px\" aria-hidden=\"true\" class=\"wp-block-spacer\"><\/div>\n\n\n\n<h1 class=\"wp-block-heading has-text-align-left has-nv-site-bg-color has-text-color\">Pourquoi un r\u00e9seau ?<\/h1>\n\n\n\n<div style=\"height:15px\" aria-hidden=\"true\" class=\"wp-block-spacer\"><\/div>\n\n\n<div class=\"wp-block-image is-style-default\">\n<figure class=\"aligncenter size-full is-resized\"><img loading=\"lazy\" decoding=\"async\" width=\"2026\" height=\"1828\" src=\"https:\/\/pediateam.fr\/wp-content\/uploads\/2023\/09\/logo-rond.png\" alt=\"\" class=\"wp-image-808\" style=\"width:192px;height:173px\" srcset=\"https:\/\/pediateam.fr\/wp-content\/uploads\/2023\/09\/logo-rond.png 2026w, https:\/\/pediateam.fr\/wp-content\/uploads\/2023\/09\/logo-rond-300x271.png 300w, https:\/\/pediateam.fr\/wp-content\/uploads\/2023\/09\/logo-rond-1024x924.png 1024w, https:\/\/pediateam.fr\/wp-content\/uploads\/2023\/09\/logo-rond-768x693.png 768w, https:\/\/pediateam.fr\/wp-content\/uploads\/2023\/09\/logo-rond-1536x1386.png 1536w, https:\/\/pediateam.fr\/wp-content\/uploads\/2023\/09\/logo-rond-600x541.png 600w\" sizes=\"auto, (max-width: 2026px) 100vw, 2026px\" \/><\/figure><\/div>\n\n\n<div style=\"height:45px\" aria-hidden=\"true\" class=\"wp-block-spacer\"><\/div>\n\n\n\n<h3 id=\"wp-block-themeisle-blocks-advanced-heading-af2aaeb6\" class=\"wp-block-themeisle-blocks-advanced-heading wp-block-themeisle-blocks-advanced-heading-af2aaeb6\"><strong>Constat et ressentis des professionnels du terrain&nbsp;:<\/strong><\/h3>\n\n\n\n<p class=\"has-text-align-left\">1 &#8211;  Peu de dispositifs p\u00e9diatriques en place et in\u00e9galement r\u00e9partis pour r\u00e9pondre de mani\u00e8re sp\u00e9cifique aux profils des enfants<\/p>\n\n\n\n<p class=\"has-text-align-left\">2 &#8211;  Notion de difficult\u00e9 d&rsquo;orientation des enfants vers des professionnels form\u00e9s \u00e0 leurs besoins<\/p>\n\n\n\n<div class=\"wp-block-columns is-layout-flex wp-container-core-columns-is-layout-9d6595d7 wp-block-columns-is-layout-flex\">\n<div class=\"wp-block-column is-vertically-aligned-center animated bounceIn is-layout-flow wp-block-column-is-layout-flow\" style=\"flex-basis:20%\">\n<figure class=\"wp-block-image size-full is-resized\"><img loading=\"lazy\" decoding=\"async\" width=\"1000\" height=\"485\" src=\"https:\/\/pediateam.fr\/wp-content\/uploads\/2023\/09\/fleche-1.png\" alt=\"\" class=\"wp-image-830\" style=\"width:188px;height:91px\" srcset=\"https:\/\/pediateam.fr\/wp-content\/uploads\/2023\/09\/fleche-1.png 1000w, https:\/\/pediateam.fr\/wp-content\/uploads\/2023\/09\/fleche-1-300x146.png 300w, https:\/\/pediateam.fr\/wp-content\/uploads\/2023\/09\/fleche-1-768x372.png 768w, https:\/\/pediateam.fr\/wp-content\/uploads\/2023\/09\/fleche-1-600x291.png 600w\" sizes=\"auto, (max-width: 1000px) 100vw, 1000px\" \/><\/figure>\n<\/div>\n\n\n\n<div class=\"wp-block-column is-layout-flow wp-block-column-is-layout-flow\" style=\"flex-basis:300px\">\n<p class=\"has-text-align-left\">Cr\u00e9ation d&rsquo;un r\u00e9seau r\u00e9gional sp\u00e9cialis\u00e9 en p\u00e9diatrie afin de faciliter l&rsquo;orientation et la prise en soin en collaboration autour des enfants.<\/p>\n<\/div>\n<\/div>\n\n\n\n<div style=\"height:15px\" aria-hidden=\"true\" class=\"wp-block-spacer\"><\/div>\n<\/div><\/div>\n\n\n\n<div class=\"wp-block-cover alignfull\" style=\"min-height:185px;aspect-ratio:unset;\"><span aria-hidden=\"true\" class=\"wp-block-cover__background has-nv-site-bg-background-color has-background-dim-100 has-background-dim\"><\/span><div class=\"wp-block-cover__inner-container is-layout-flow wp-block-cover-is-layout-flow\">\n<div class=\"wp-block-group\"><div class=\"wp-block-group__inner-container is-layout-flow wp-block-group-is-layout-flow\">\n<div style=\"height:15px\" aria-hidden=\"true\" class=\"wp-block-spacer\"><\/div>\n\n\n\n<h1 class=\"wp-block-heading has-text-align-left has-neve-text-color-color has-text-color\">Nos objectifs<\/h1>\n<\/div><\/div>\n<\/div><\/div>\n\n\n\n<div class=\"wp-block-cover alignfull\" style=\"min-height:600px;aspect-ratio:unset;\"><span aria-hidden=\"true\" class=\"wp-block-cover__background has-nv-light-bg-background-color has-background-dim-100 has-background-dim\"><\/span><div class=\"wp-block-cover__inner-container is-layout-flow wp-block-cover-is-layout-flow\">\n<div class=\"wp-block-group\"><div class=\"wp-block-group__inner-container is-layout-flow wp-block-group-is-layout-flow\">\n<div style=\"height:30px\" aria-hidden=\"true\" class=\"wp-block-spacer\"><\/div>\n\n\n\n<div class=\"wp-block-columns is-layout-flex wp-container-core-columns-is-layout-9d6595d7 wp-block-columns-is-layout-flex\">\n<div class=\"wp-block-column is-vertically-aligned-top is-layout-flow wp-block-column-is-layout-flow\" style=\"flex-basis:50%\">\n<figure class=\"wp-block-image size-full\"><img loading=\"lazy\" decoding=\"async\" width=\"600\" height=\"600\" src=\"https:\/\/pediateam.fr\/wp-content\/uploads\/2023\/09\/agrandir-1.jpg\" alt=\"\" class=\"wp-image-929\" srcset=\"https:\/\/pediateam.fr\/wp-content\/uploads\/2023\/09\/agrandir-1.jpg 600w, https:\/\/pediateam.fr\/wp-content\/uploads\/2023\/09\/agrandir-1-300x300.jpg 300w, https:\/\/pediateam.fr\/wp-content\/uploads\/2023\/09\/agrandir-1-150x150.jpg 150w, https:\/\/pediateam.fr\/wp-content\/uploads\/2023\/09\/agrandir-1-100x100.jpg 100w\" sizes=\"auto, (max-width: 600px) 100vw, 600px\" \/><\/figure>\n\n\n\n<div style=\"height:24px\" aria-hidden=\"true\" class=\"wp-block-spacer\"><\/div>\n\n\n\n<div class=\"wp-block-buttons is-content-justification-center is-layout-flex wp-container-core-buttons-is-layout-16018d1d wp-block-buttons-is-layout-flex\">\n<div class=\"wp-block-button is-style-primary\"><a class=\"wp-block-button__link wp-element-button\">DEVELOPPER<\/a><\/div>\n<\/div>\n\n\n\n<div style=\"height:24px\" aria-hidden=\"true\" class=\"wp-block-spacer\"><\/div>\n\n\n\n<p class=\"has-text-align-center has-neve-text-color-color has-text-color\">D\u00e9velopper, promouvoir et g\u00e9rer les activit\u00e9s d\u2019un r\u00e9seau d\u2019appui aux professionnels pour la r\u00e9habilitation des enfants en Nouvelle Aquitaine. Le r\u00e9seau est destin\u00e9 \u00e0 soutenir les professionnels dans leurs pratiques individuelles et collectives en lien avec l\u2019accompagnement p\u00e9diatrique. Il favorise la communication et l\u2019identification de parcours de soin dans le territoire r\u00e9gional.<\/p>\n<\/div>\n\n\n\n<div class=\"wp-block-column is-vertically-aligned-top is-layout-flow wp-block-column-is-layout-flow\" style=\"flex-basis:50%\">\n<figure class=\"wp-block-image size-full\"><img loading=\"lazy\" decoding=\"async\" width=\"600\" height=\"600\" src=\"https:\/\/pediateam.fr\/wp-content\/uploads\/2023\/09\/harmoniser.jpg\" alt=\"\" class=\"wp-image-927\" srcset=\"https:\/\/pediateam.fr\/wp-content\/uploads\/2023\/09\/harmoniser.jpg 600w, https:\/\/pediateam.fr\/wp-content\/uploads\/2023\/09\/harmoniser-300x300.jpg 300w, https:\/\/pediateam.fr\/wp-content\/uploads\/2023\/09\/harmoniser-150x150.jpg 150w, https:\/\/pediateam.fr\/wp-content\/uploads\/2023\/09\/harmoniser-100x100.jpg 100w\" sizes=\"auto, (max-width: 600px) 100vw, 600px\" \/><\/figure>\n\n\n\n<div style=\"height:24px\" aria-hidden=\"true\" class=\"wp-block-spacer\"><\/div>\n\n\n\n<div class=\"wp-block-buttons is-content-justification-center is-layout-flex wp-container-core-buttons-is-layout-16018d1d wp-block-buttons-is-layout-flex\">\n<div class=\"wp-block-button is-style-primary\"><a class=\"wp-block-button__link wp-element-button\">HARMONISER<\/a><\/div>\n<\/div>\n\n\n\n<div style=\"height:24px\" aria-hidden=\"true\" class=\"wp-block-spacer\"><\/div>\n\n\n\n<p class=\"has-text-align-center has-neve-text-color-color has-text-color\">Favoriser le d\u00e9veloppement professionnel et l&rsquo;harmonisation des pratiques \u00e0 travers des engagements dans des projets de soins coordonn\u00e9s, des dialogues et interactions avec les partenaires du projet (y compris la famille), des partages d\u2019exp\u00e9riences et analyses de pratiques, afin de s\u2019inscrire dans une dynamique collective et collaborative.<\/p>\n<\/div>\n<\/div>\n<\/div><\/div>\n<\/div><\/div>\n\n\n\n<div class=\"wp-block-cover alignfull\" style=\"min-height:600px;aspect-ratio:unset;\"><span aria-hidden=\"true\" class=\"wp-block-cover__background has-nv-site-bg-background-color has-background-dim-100 has-background-dim\"><\/span><div class=\"wp-block-cover__inner-container is-layout-flow wp-block-cover-is-layout-flow\">\n<div class=\"wp-block-group\"><div class=\"wp-block-group__inner-container is-layout-flow wp-block-group-is-layout-flow\">\n<div style=\"height:30px\" aria-hidden=\"true\" class=\"wp-block-spacer\"><\/div>\n\n\n\n<div class=\"wp-block-columns is-layout-flex wp-container-core-columns-is-layout-9d6595d7 wp-block-columns-is-layout-flex\">\n<div class=\"wp-block-column is-vertically-aligned-top is-layout-flow wp-block-column-is-layout-flow\" style=\"flex-basis:50%\">\n<figure class=\"wp-block-image size-full\"><img loading=\"lazy\" decoding=\"async\" width=\"600\" height=\"600\" src=\"https:\/\/pediateam.fr\/wp-content\/uploads\/2023\/09\/progres.jpg\" alt=\"\" class=\"wp-image-930\" srcset=\"https:\/\/pediateam.fr\/wp-content\/uploads\/2023\/09\/progres.jpg 600w, https:\/\/pediateam.fr\/wp-content\/uploads\/2023\/09\/progres-300x300.jpg 300w, https:\/\/pediateam.fr\/wp-content\/uploads\/2023\/09\/progres-150x150.jpg 150w, https:\/\/pediateam.fr\/wp-content\/uploads\/2023\/09\/progres-100x100.jpg 100w\" sizes=\"auto, (max-width: 600px) 100vw, 600px\" \/><\/figure>\n\n\n\n<div style=\"height:25px\" aria-hidden=\"true\" class=\"wp-block-spacer\"><\/div>\n\n\n\n<div class=\"wp-block-buttons is-content-justification-center is-layout-flex wp-container-core-buttons-is-layout-16018d1d wp-block-buttons-is-layout-flex\">\n<div class=\"wp-block-button is-style-primary\"><a class=\"wp-block-button__link wp-element-button\">AMELIORER<\/a><\/div>\n<\/div>\n\n\n\n<div style=\"height:25px\" aria-hidden=\"true\" class=\"wp-block-spacer\"><\/div>\n\n\n\n<p class=\"has-text-align-center has-neve-text-color-color has-text-color\">Permettre une meilleure compr\u00e9hension des besoins, attentes et enjeux de la r\u00e9habilitation p\u00e9diatrique en Nouvelle Aquitaine en recueillant en particulier les activit\u00e9s conventionn\u00e9es des professionnels lib\u00e9raux. L\u2019approche pluriprofessionnelle aspire \u00e0 am\u00e9liorer la compr\u00e9hension du d\u00e9veloppement de l\u2019enfant dans sa famille et son contexte, afin d\u2019am\u00e9liorer les interventions th\u00e9rapeutiques aupr\u00e8s de l\u2019enfant et de sa famille.<\/p>\n<\/div>\n\n\n\n<div class=\"wp-block-column is-vertically-aligned-top is-layout-flow wp-block-column-is-layout-flow\" style=\"flex-basis:50%\">\n<figure class=\"wp-block-image size-full\"><img loading=\"lazy\" decoding=\"async\" width=\"600\" height=\"600\" src=\"https:\/\/pediateam.fr\/wp-content\/uploads\/2023\/09\/informer.jpg\" alt=\"\" class=\"wp-image-928\" srcset=\"https:\/\/pediateam.fr\/wp-content\/uploads\/2023\/09\/informer.jpg 600w, https:\/\/pediateam.fr\/wp-content\/uploads\/2023\/09\/informer-300x300.jpg 300w, https:\/\/pediateam.fr\/wp-content\/uploads\/2023\/09\/informer-150x150.jpg 150w, https:\/\/pediateam.fr\/wp-content\/uploads\/2023\/09\/informer-100x100.jpg 100w\" sizes=\"auto, (max-width: 600px) 100vw, 600px\" \/><\/figure>\n\n\n\n<div style=\"height:25px\" aria-hidden=\"true\" class=\"wp-block-spacer\"><\/div>\n\n\n\n<div class=\"wp-block-buttons is-content-justification-center is-layout-flex wp-container-core-buttons-is-layout-16018d1d wp-block-buttons-is-layout-flex\">\n<div class=\"wp-block-button is-style-primary\"><a class=\"wp-block-button__link wp-element-button\">INFORMER<\/a><\/div>\n<\/div>\n\n\n\n<div style=\"height:25px\" aria-hidden=\"true\" class=\"wp-block-spacer\"><\/div>\n\n\n\n<p class=\"has-text-align-center has-neve-text-color-color has-text-color\">Favoriser l\u2019acc\u00e8s \u00e0 l\u2019information en d\u00e9veloppant la diffusion de celle-ci. Cette mission se destine aux professionnels de la sant\u00e9 publique comme aux familles et au grand public. L\u2019information pr\u00e9sent\u00e9e tient compte des recommandations des organismes de r\u00e9f\u00e9rences nationaux et internationaux.<\/p>\n<\/div>\n<\/div>\n\n\n\n<div style=\"height:20px\" aria-hidden=\"true\" class=\"wp-block-spacer\"><\/div>\n<\/div><\/div>\n<\/div><\/div>\n\n\n\n<div class=\"wp-block-cover alignfull\" style=\"min-height:300px;aspect-ratio:unset;\"><span aria-hidden=\"true\" class=\"wp-block-cover__background has-nv-dark-bg-background-color has-background-dim-100 has-background-dim\"><\/span><div class=\"wp-block-cover__inner-container is-layout-flow wp-block-cover-is-layout-flow\">\n<div style=\"height:24px\" aria-hidden=\"true\" class=\"wp-block-spacer\"><\/div>\n\n\n\n<div class=\"wp-block-columns is-layout-flex wp-container-core-columns-is-layout-9d6595d7 wp-block-columns-is-layout-flex\">\n<div class=\"wp-block-column is-vertically-aligned-center is-layout-flow wp-block-column-is-layout-flow\">\n<p class=\"has-large-font-size\"><strong>Nos Partenaires<\/strong><\/p>\n<\/div>\n\n\n\n<div class=\"wp-block-column is-vertically-aligned-center is-layout-flow wp-block-column-is-layout-flow\">\n<ul class=\"wp-block-list\">\n<li>AFKP &#8211; ASSOCIATION FRANCAISE DE KINESITHERAPIE PEDIATRIQUE<\/li>\n<\/ul>\n<\/div>\n\n\n\n<div class=\"wp-block-column is-vertically-aligned-center is-layout-flow wp-block-column-is-layout-flow\">\n<ul class=\"wp-block-list\">\n<li>ERGO PEDIA 17 &#8211; ASSOCIATION D&rsquo;ERGOTHERAPEUTES EN CHARENTE MARITIME<\/li>\n<\/ul>\n<\/div>\n\n\n\n<div class=\"wp-block-column is-vertically-aligned-center is-layout-flow wp-block-column-is-layout-flow\"><\/div>\n<\/div>\n\n\n\n<p class=\"has-text-align-center\">Rejoignez l&rsquo;association !<\/p>\n\n\n\n<div class=\"wp-block-buttons is-content-justification-center is-layout-flex wp-container-core-buttons-is-layout-16018d1d wp-block-buttons-is-layout-flex\">\n<div class=\"wp-block-button is-style-primary\"><a class=\"wp-block-button__link wp-element-button\" href=\"https:\/\/pediateam.fr\/?page_id=6\">ADHERER<\/a><\/div>\n<\/div>\n\n\n\n<div style=\"height:24px\" aria-hidden=\"true\" class=\"wp-block-spacer\"><\/div>\n<\/div><\/div>\n","protected":false},"excerpt":{"rendered":"","protected":false},"author":1,"featured_media":0,"parent":0,"menu_order":0,"comment_status":"closed","ping_status":"closed","template":"","meta":{"neve_meta_sidebar":"full-width","neve_meta_container":"","neve_meta_enable_content_width":"on","neve_meta_content_width":100,"neve_meta_title_alignment":"","neve_meta_author_avatar":"","neve_post_elements_order":"","neve_meta_disable_header":"","neve_meta_disable_footer":"","neve_meta_disable_title":"on","_themeisle_gutenberg_block_has_review":false,"footnotes":""},"class_list":["post-783","page","type-page","status-publish","hentry"],"_links":{"self":[{"href":"https:\/\/pediateam.fr\/index.php?rest_route=\/wp\/v2\/pages\/783","targetHints":{"allow":["GET"]}}],"collection":[{"href":"https:\/\/pediateam.fr\/index.php?rest_route=\/wp\/v2\/pages"}],"about":[{"href":"https:\/\/pediateam.fr\/index.php?rest_route=\/wp\/v2\/types\/page"}],"author":[{"embeddable":true,"href":"https:\/\/pediateam.fr\/index.php?rest_route=\/wp\/v2\/users\/1"}],"replies":[{"embeddable":true,"href":"https:\/\/pediateam.fr\/index.php?rest_route=%2Fwp%2Fv2%2Fcomments&post=783"}],"version-history":[{"count":45,"href":"https:\/\/pediateam.fr\/index.php?rest_route=\/wp\/v2\/pages\/783\/revisions"}],"predecessor-version":[{"id":2260,"href":"https:\/\/pediateam.fr\/index.php?rest_route=\/wp\/v2\/pages\/783\/revisions\/2260"}],"wp:attachment":[{"href":"https:\/\/pediateam.fr\/index.php?rest_route=%2Fwp%2Fv2%2Fmedia&parent=783"}],"curies":[{"name":"wp","href":"https:\/\/api.w.org\/{rel}","templated":true}]}}