


{"id":554,"date":"2023-08-15T12:20:29","date_gmt":"2023-08-15T10:20:29","guid":{"rendered":"https:\/\/aude-kine.fr\/pediateam\/?page_id=554"},"modified":"2025-04-20T09:28:08","modified_gmt":"2025-04-20T07:28:08","slug":"membres","status":"publish","type":"page","link":"https:\/\/pediateam.fr\/?page_id=554","title":{"rendered":"Membres du bureau"},"content":{"rendered":"\n<div class=\"wp-block-cover alignfull\" style=\"min-height:600px;aspect-ratio:unset;\"><span aria-hidden=\"true\" class=\"wp-block-cover__background has-nv-light-bg-background-color has-background-dim-100 has-background-dim\"><\/span><div class=\"wp-block-cover__inner-container is-layout-flow wp-block-cover-is-layout-flow\">\n<div class=\"wp-block-group\"><div class=\"wp-block-group__inner-container is-layout-flow wp-block-group-is-layout-flow\">\n<div style=\"height:80px\" aria-hidden=\"true\" class=\"wp-block-spacer\"><\/div>\n\n\n\n<div class=\"wp-block-columns is-layout-flex wp-container-core-columns-is-layout-9d6595d7 wp-block-columns-is-layout-flex\">\n<div class=\"wp-block-column is-layout-flow wp-block-column-is-layout-flow\"><div class=\"wp-block-image is-style-default\">\n<figure class=\"aligncenter size-full\"><img loading=\"lazy\" decoding=\"async\" width=\"400\" height=\"400\" src=\"https:\/\/pediateam.fr\/wp-content\/uploads\/2023\/09\/Aude-Geldron.jpg\" alt=\"\" class=\"wp-image-1165\" srcset=\"https:\/\/pediateam.fr\/wp-content\/uploads\/2023\/09\/Aude-Geldron.jpg 400w, https:\/\/pediateam.fr\/wp-content\/uploads\/2023\/09\/Aude-Geldron-300x300.jpg 300w, https:\/\/pediateam.fr\/wp-content\/uploads\/2023\/09\/Aude-Geldron-150x150.jpg 150w, https:\/\/pediateam.fr\/wp-content\/uploads\/2023\/09\/Aude-Geldron-100x100.jpg 100w\" sizes=\"auto, (max-width: 400px) 100vw, 400px\" \/><\/figure><\/div>\n\n\n<div style=\"height:24px\" aria-hidden=\"true\" class=\"wp-block-spacer\"><\/div>\n\n\n\n<h3 class=\"wp-block-heading has-text-align-center has-neve-text-color-color has-text-color\">Aude GELDRON<\/h3>\n\n\n\n<p class=\"has-text-align-center has-neve-text-color-color has-text-color\">Pr\u00e9sidente &#8211; Masseur-Kin\u00e9sith\u00e9rapeute<\/p>\n\n\n\n<div style=\"height:40px\" aria-hidden=\"true\" class=\"wp-block-spacer\"><\/div>\n<\/div>\n\n\n\n<div class=\"wp-block-column is-layout-flow wp-block-column-is-layout-flow\"><div class=\"wp-block-image is-style-default\">\n<figure class=\"aligncenter size-full is-resized\"><img loading=\"lazy\" decoding=\"async\" width=\"400\" height=\"400\" src=\"https:\/\/pediateam.fr\/wp-content\/uploads\/2024\/09\/image.jpeg\" alt=\"\" class=\"wp-image-2349\" style=\"width:384px;height:auto\" srcset=\"https:\/\/pediateam.fr\/wp-content\/uploads\/2024\/09\/image.jpeg 400w, https:\/\/pediateam.fr\/wp-content\/uploads\/2024\/09\/image-300x300.jpeg 300w, https:\/\/pediateam.fr\/wp-content\/uploads\/2024\/09\/image-150x150.jpeg 150w, https:\/\/pediateam.fr\/wp-content\/uploads\/2024\/09\/image-100x100.jpeg 100w\" sizes=\"auto, (max-width: 400px) 100vw, 400px\" \/><\/figure><\/div>\n\n\n<div style=\"height:24px\" aria-hidden=\"true\" class=\"wp-block-spacer\"><\/div>\n\n\n\n<h3 class=\"wp-block-heading has-text-align-center has-neve-text-color-color has-text-color\">Julie LONGY<\/h3>\n\n\n\n<p class=\"has-text-align-center has-neve-text-color-color has-text-color\">Secr\u00e9taire &#8211; Consultante en lactation\/ IBCLC<\/p>\n\n\n\n<div style=\"height:40px\" aria-hidden=\"true\" class=\"wp-block-spacer\"><\/div>\n<\/div>\n\n\n\n<div class=\"wp-block-column is-layout-flow wp-block-column-is-layout-flow\"><div class=\"wp-block-image is-style-default\">\n<figure class=\"aligncenter size-full\"><img loading=\"lazy\" decoding=\"async\" width=\"400\" height=\"400\" src=\"https:\/\/pediateam.fr\/wp-content\/uploads\/2023\/09\/Aurelie-Testefort.jpg\" alt=\"\" class=\"wp-image-984\" srcset=\"https:\/\/pediateam.fr\/wp-content\/uploads\/2023\/09\/Aurelie-Testefort.jpg 400w, https:\/\/pediateam.fr\/wp-content\/uploads\/2023\/09\/Aurelie-Testefort-300x300.jpg 300w, https:\/\/pediateam.fr\/wp-content\/uploads\/2023\/09\/Aurelie-Testefort-150x150.jpg 150w, https:\/\/pediateam.fr\/wp-content\/uploads\/2023\/09\/Aurelie-Testefort-100x100.jpg 100w\" sizes=\"auto, (max-width: 400px) 100vw, 400px\" \/><\/figure><\/div>\n\n\n<div style=\"height:24px\" aria-hidden=\"true\" class=\"wp-block-spacer\"><\/div>\n\n\n\n<h3 class=\"wp-block-heading has-text-align-center has-neve-text-color-color has-text-color\">Aur\u00e9lie TESTEFORT<\/h3>\n\n\n\n<p class=\"has-text-align-center has-neve-text-color-color has-text-color\">Tr\u00e9sori\u00e8re &#8211; P\u00e9diatre<\/p>\n\n\n\n<div style=\"height:40px\" aria-hidden=\"true\" class=\"wp-block-spacer\"><\/div>\n<\/div>\n<\/div>\n\n\n\n<div class=\"wp-block-columns is-layout-flex wp-container-core-columns-is-layout-9d6595d7 wp-block-columns-is-layout-flex\">\n<div class=\"wp-block-column is-layout-flow wp-block-column-is-layout-flow\"><div class=\"wp-block-image is-style-default\">\n<figure class=\"aligncenter size-full is-resized\"><img loading=\"lazy\" decoding=\"async\" width=\"400\" height=\"400\" src=\"https:\/\/pediateam.fr\/wp-content\/uploads\/2023\/09\/Marie-Halbawchs.jpg\" alt=\"\" class=\"wp-image-977\" style=\"width:384px\" srcset=\"https:\/\/pediateam.fr\/wp-content\/uploads\/2023\/09\/Marie-Halbawchs.jpg 400w, https:\/\/pediateam.fr\/wp-content\/uploads\/2023\/09\/Marie-Halbawchs-300x300.jpg 300w, https:\/\/pediateam.fr\/wp-content\/uploads\/2023\/09\/Marie-Halbawchs-150x150.jpg 150w, https:\/\/pediateam.fr\/wp-content\/uploads\/2023\/09\/Marie-Halbawchs-100x100.jpg 100w\" sizes=\"auto, (max-width: 400px) 100vw, 400px\" \/><\/figure><\/div>\n\n\n<div style=\"height:24px\" aria-hidden=\"true\" class=\"wp-block-spacer\"><\/div>\n\n\n\n<h3 class=\"wp-block-heading has-text-align-center has-neve-text-color-color has-text-color\">Marie HALBWACHS<\/h3>\n\n\n\n<p class=\"has-text-align-center has-neve-text-color-color has-text-color\">Vice-pr\u00e9sidente &#8211; P\u00e9diatre<\/p>\n\n\n\n<div style=\"height:40px\" aria-hidden=\"true\" class=\"wp-block-spacer\"><\/div>\n<\/div>\n\n\n\n<div class=\"wp-block-column is-layout-flow wp-block-column-is-layout-flow\"><div class=\"wp-block-image is-style-default\">\n<figure class=\"aligncenter size-full is-resized\"><img loading=\"lazy\" decoding=\"async\" width=\"400\" height=\"400\" src=\"https:\/\/pediateam.fr\/wp-content\/uploads\/2025\/04\/carole.jpg\" alt=\"\" class=\"wp-image-2758\" style=\"width:384px\" srcset=\"https:\/\/pediateam.fr\/wp-content\/uploads\/2025\/04\/carole.jpg 400w, https:\/\/pediateam.fr\/wp-content\/uploads\/2025\/04\/carole-300x300.jpg 300w, https:\/\/pediateam.fr\/wp-content\/uploads\/2025\/04\/carole-150x150.jpg 150w, https:\/\/pediateam.fr\/wp-content\/uploads\/2025\/04\/carole-100x100.jpg 100w\" sizes=\"auto, (max-width: 400px) 100vw, 400px\" \/><\/figure><\/div>\n\n\n<div style=\"height:24px\" aria-hidden=\"true\" class=\"wp-block-spacer\"><\/div>\n\n\n\n<h3 class=\"wp-block-heading has-text-align-center has-neve-text-color-color has-text-color\">Carole DUPRONT<\/h3>\n\n\n\n<p class=\"has-text-align-center has-neve-text-color-color has-text-color\">Tr\u00e9sori\u00e8re &#8211; Masseur- Kin\u00e9sith\u00e9rapeute<\/p>\n\n\n\n<div style=\"height:40px\" aria-hidden=\"true\" class=\"wp-block-spacer\"><\/div>\n<\/div>\n\n\n\n<div class=\"wp-block-column is-layout-flow wp-block-column-is-layout-flow\"><div class=\"wp-block-image is-style-default\">\n<figure class=\"aligncenter size-full is-resized\"><img loading=\"lazy\" decoding=\"async\" width=\"400\" height=\"400\" src=\"https:\/\/pediateam.fr\/wp-content\/uploads\/2023\/09\/Baptiste-MANCA-BARAYRE.jpg\" alt=\"\" class=\"wp-image-981\" style=\"width:384px\" srcset=\"https:\/\/pediateam.fr\/wp-content\/uploads\/2023\/09\/Baptiste-MANCA-BARAYRE.jpg 400w, https:\/\/pediateam.fr\/wp-content\/uploads\/2023\/09\/Baptiste-MANCA-BARAYRE-300x300.jpg 300w, https:\/\/pediateam.fr\/wp-content\/uploads\/2023\/09\/Baptiste-MANCA-BARAYRE-150x150.jpg 150w, https:\/\/pediateam.fr\/wp-content\/uploads\/2023\/09\/Baptiste-MANCA-BARAYRE-100x100.jpg 100w\" sizes=\"auto, (max-width: 400px) 100vw, 400px\" \/><\/figure><\/div>\n\n\n<div style=\"height:24px\" aria-hidden=\"true\" class=\"wp-block-spacer\"><\/div>\n\n\n\n<h3 class=\"wp-block-heading has-text-align-center has-neve-text-color-color has-text-color\">Baptiste MANCA-BARAYRE<\/h3>\n\n\n\n<p class=\"has-text-align-center has-neve-text-color-color has-text-color\">Vice-tr\u00e9sorier &#8211; Ost\u00e9opathe<\/p>\n\n\n\n<div style=\"height:40px\" aria-hidden=\"true\" class=\"wp-block-spacer\"><\/div>\n<\/div>\n<\/div>\n\n\n\n<div style=\"height:40px\" aria-hidden=\"true\" class=\"wp-block-spacer\"><\/div>\n<\/div><\/div>\n<\/div><\/div>\n","protected":false},"excerpt":{"rendered":"","protected":false},"author":1,"featured_media":0,"parent":0,"menu_order":0,"comment_status":"closed","ping_status":"closed","template":"","meta":{"neve_meta_sidebar":"","neve_meta_container":"default","neve_meta_enable_content_width":"on","neve_meta_content_width":100,"neve_meta_title_alignment":"","neve_meta_author_avatar":"","neve_post_elements_order":"","neve_meta_disable_header":"","neve_meta_disable_footer":"","neve_meta_disable_title":"","_themeisle_gutenberg_block_has_review":false,"footnotes":""},"class_list":["post-554","page","type-page","status-publish","hentry"],"_links":{"self":[{"href":"https:\/\/pediateam.fr\/index.php?rest_route=\/wp\/v2\/pages\/554","targetHints":{"allow":["GET"]}}],"collection":[{"href":"https:\/\/pediateam.fr\/index.php?rest_route=\/wp\/v2\/pages"}],"about":[{"href":"https:\/\/pediateam.fr\/index.php?rest_route=\/wp\/v2\/types\/page"}],"author":[{"embeddable":true,"href":"https:\/\/pediateam.fr\/index.php?rest_route=\/wp\/v2\/users\/1"}],"replies":[{"embeddable":true,"href":"https:\/\/pediateam.fr\/index.php?rest_route=%2Fwp%2Fv2%2Fcomments&post=554"}],"version-history":[{"count":22,"href":"https:\/\/pediateam.fr\/index.php?rest_route=\/wp\/v2\/pages\/554\/revisions"}],"predecessor-version":[{"id":2760,"href":"https:\/\/pediateam.fr\/index.php?rest_route=\/wp\/v2\/pages\/554\/revisions\/2760"}],"wp:attachment":[{"href":"https:\/\/pediateam.fr\/index.php?rest_route=%2Fwp%2Fv2%2Fmedia&parent=554"}],"curies":[{"name":"wp","href":"https:\/\/api.w.org\/{rel}","templated":true}]}}