


{"id":549,"date":"2023-08-15T12:20:29","date_gmt":"2023-08-15T10:20:29","guid":{"rendered":"https:\/\/aude-kine.fr\/pediateam\/?page_id=549"},"modified":"2023-12-17T21:06:20","modified_gmt":"2023-12-17T20:06:20","slug":"pourquoi-adherer","status":"publish","type":"page","link":"https:\/\/pediateam.fr\/?page_id=549","title":{"rendered":"Pourquoi adh\u00e9rer ?"},"content":{"rendered":"\n<div class=\"wp-block-cover alignfull\" style=\"min-height:909px;aspect-ratio:unset;\"><span aria-hidden=\"true\" class=\"wp-block-cover__background has-nv-light-bg-background-color has-background-dim-100 has-background-dim\"><\/span><div class=\"wp-block-cover__inner-container is-layout-flow wp-block-cover-is-layout-flow\">\n<div class=\"wp-block-group\"><div class=\"wp-block-group__inner-container is-layout-flow wp-block-group-is-layout-flow\">\n<div class=\"wp-block-columns is-layout-flex wp-container-core-columns-is-layout-9d6595d7 wp-block-columns-is-layout-flex\">\n<div class=\"wp-block-column is-vertically-aligned-top is-layout-flow wp-block-column-is-layout-flow\" style=\"flex-basis:50%\">\n<figure class=\"wp-block-image size-full\"><img loading=\"lazy\" decoding=\"async\" width=\"612\" height=\"418\" src=\"https:\/\/pediateam.fr\/wp-content\/uploads\/2023\/09\/istockphoto-639336742-612x612-1.jpg\" alt=\"\" class=\"wp-image-1176\" srcset=\"https:\/\/pediateam.fr\/wp-content\/uploads\/2023\/09\/istockphoto-639336742-612x612-1.jpg 612w, https:\/\/pediateam.fr\/wp-content\/uploads\/2023\/09\/istockphoto-639336742-612x612-1-300x205.jpg 300w, https:\/\/pediateam.fr\/wp-content\/uploads\/2023\/09\/istockphoto-639336742-612x612-1-600x410.jpg 600w\" sizes=\"auto, (max-width: 612px) 100vw, 612px\" \/><\/figure>\n\n\n\n<div style=\"height:25px\" aria-hidden=\"true\" class=\"wp-block-spacer\"><\/div>\n\n\n\n<div class=\"wp-block-buttons is-content-justification-center is-layout-flex wp-container-core-buttons-is-layout-16018d1d wp-block-buttons-is-layout-flex\">\n<div class=\"wp-block-button is-style-primary\"><a class=\"wp-block-button__link wp-element-button\">QUI ADHERE ?<\/a><\/div>\n<\/div>\n\n\n\n<div style=\"height:25px\" aria-hidden=\"true\" class=\"wp-block-spacer\"><\/div>\n\n\n\n<p class=\"has-text-align-center\"><mark style=\"background-color:rgba(0, 0, 0, 0)\" class=\"has-inline-color has-neve-text-color-color\"><strong>L&rsquo;association accueille et r\u00e9unit tous les professionnels de sant\u00e9 engag\u00e9s dans la r\u00e9habilitation de l\u2019enfant et de sa famille<\/strong> : p\u00e9diatres, m\u00e9decins g\u00e9n\u00e9ralistes avec orientation p\u00e9diatrique, kin\u00e9sith\u00e9rapeutes, psychomotriciens, ergoth\u00e9rapeutes, orthophonistes, orthoptistes, infirmi\u00e8res pu\u00e9ricultrices\u2026<\/mark><\/p>\n\n\n\n<p class=\"has-text-align-center\"><mark style=\"background-color:rgba(0, 0, 0, 0)\" class=\"has-inline-color has-neve-text-color-color\">L&rsquo;association r\u00e9unit \u00e9galement les \u00e9tablissements et institutions qui coop\u00e8rent avec la sant\u00e9 lib\u00e9rale pour optimiser le service propos\u00e9 aux enfants et familles.\u00a0<\/mark><\/p>\n<\/div>\n\n\n\n<div class=\"wp-block-column is-vertically-aligned-top is-layout-flow wp-block-column-is-layout-flow\" style=\"flex-basis:50%\">\n<figure class=\"wp-block-image size-full\"><img loading=\"lazy\" decoding=\"async\" width=\"612\" height=\"418\" src=\"https:\/\/pediateam.fr\/wp-content\/uploads\/2023\/09\/vcx-1.jpg\" alt=\"\" class=\"wp-image-1180\" srcset=\"https:\/\/pediateam.fr\/wp-content\/uploads\/2023\/09\/vcx-1.jpg 612w, https:\/\/pediateam.fr\/wp-content\/uploads\/2023\/09\/vcx-1-300x205.jpg 300w, https:\/\/pediateam.fr\/wp-content\/uploads\/2023\/09\/vcx-1-600x410.jpg 600w\" sizes=\"auto, (max-width: 612px) 100vw, 612px\" \/><\/figure>\n\n\n\n<div style=\"height:24px\" aria-hidden=\"true\" class=\"wp-block-spacer\"><\/div>\n\n\n\n<div class=\"wp-block-buttons is-content-justification-center is-layout-flex wp-container-core-buttons-is-layout-16018d1d wp-block-buttons-is-layout-flex\">\n<div class=\"wp-block-button is-style-primary\"><a class=\"wp-block-button__link wp-element-button\">FEDERER<\/a><\/div>\n<\/div>\n\n\n\n<div style=\"height:24px\" aria-hidden=\"true\" class=\"wp-block-spacer\"><\/div>\n\n\n\n<p class=\"has-text-align-center\"><mark style=\"background-color:rgba(0, 0, 0, 0)\" class=\"has-inline-color has-neve-text-color-color\"><strong>Soutenir et f\u00e9d\u00e9rer les professionnels de la r\u00e9habilitation \u00e0 travers une dynamique collective, collaborative et interdisciplinaire.<\/strong><\/mark><\/p>\n\n\n\n<p class=\"has-text-align-center\"><mark style=\"background-color:rgba(0, 0, 0, 0)\" class=\"has-inline-color has-neve-text-color-color\">Le r\u00e9seau recueille les probl\u00e9matiques et identifie les ressources disponibles \u00e0 l&rsquo;\u00e9chelle r\u00e9gionale.<\/mark><\/p>\n<\/div>\n<\/div>\n<\/div><\/div>\n<\/div><\/div>\n\n\n\n<div class=\"wp-block-cover alignfull\" style=\"min-height:600px;aspect-ratio:unset;\"><span aria-hidden=\"true\" class=\"wp-block-cover__background has-nv-site-bg-background-color has-background-dim-100 has-background-dim\"><\/span><div class=\"wp-block-cover__inner-container is-layout-flow wp-block-cover-is-layout-flow\">\n<div style=\"height:30px\" aria-hidden=\"true\" class=\"wp-block-spacer\"><\/div>\n\n\n\n<div class=\"wp-block-group\"><div class=\"wp-block-group__inner-container is-layout-flow wp-block-group-is-layout-flow\">\n<div style=\"height:30px\" aria-hidden=\"true\" class=\"wp-block-spacer\"><\/div>\n\n\n\n<div class=\"wp-block-columns is-layout-flex wp-container-core-columns-is-layout-9d6595d7 wp-block-columns-is-layout-flex\">\n<div class=\"wp-block-column is-vertically-aligned-top is-layout-flow wp-block-column-is-layout-flow\" style=\"flex-basis:50%\">\n<figure class=\"wp-block-image size-full\"><img loading=\"lazy\" decoding=\"async\" width=\"612\" height=\"418\" src=\"https:\/\/pediateam.fr\/wp-content\/uploads\/2023\/09\/moti.jpg\" alt=\"\" class=\"wp-image-1181\" srcset=\"https:\/\/pediateam.fr\/wp-content\/uploads\/2023\/09\/moti.jpg 612w, https:\/\/pediateam.fr\/wp-content\/uploads\/2023\/09\/moti-300x205.jpg 300w, https:\/\/pediateam.fr\/wp-content\/uploads\/2023\/09\/moti-600x410.jpg 600w\" sizes=\"auto, (max-width: 612px) 100vw, 612px\" \/><\/figure>\n\n\n\n<div style=\"height:24px\" aria-hidden=\"true\" class=\"wp-block-spacer\"><\/div>\n\n\n\n<div class=\"wp-block-buttons is-content-justification-center is-layout-flex wp-container-core-buttons-is-layout-16018d1d wp-block-buttons-is-layout-flex\">\n<div class=\"wp-block-button is-style-primary\"><a class=\"wp-block-button__link wp-element-button\">MOTIVER<\/a><\/div>\n<\/div>\n\n\n\n<div style=\"height:24px\" aria-hidden=\"true\" class=\"wp-block-spacer\"><\/div>\n\n\n\n<p class=\"has-text-align-center\"><mark style=\"background-color:rgba(0, 0, 0, 0)\" class=\"has-inline-color has-neve-text-color-color\"><strong>L&rsquo;association propose diff\u00e9rentes ressources \u00e0 travers ses actions et ses moyens de communication :<\/strong><\/mark><\/p>\n\n\n\n<div class=\"wp-block-group\"><div class=\"wp-block-group__inner-container is-layout-constrained wp-block-group-is-layout-constrained\">\n<p class=\"has-text-align-center\"><mark style=\"background-color:rgba(0, 0, 0, 0)\" class=\"has-inline-color has-neve-text-color-color\"><strong>Les webinaires et soir\u00e9es \u00e0 th\u00e8me<\/strong> (une dizaine par an) qui peuvent \u00eatre enregistr\u00e9s afin de rester accessible dans le temps<\/mark>\/ .. <\/p>\n\n\n\n<p class=\"has-text-align-center\"><mark style=\"background-color:rgba(0, 0, 0, 0)\" class=\"has-inline-color has-neve-text-color-color\"><strong>L&rsquo;acc\u00e8s avec un tarif pr\u00e9f\u00e9rentiel \u00e0 des formations<\/strong> plus ou moins longues (de quelques heures \u00e0 plusieurs jours) seront propos\u00e9es plusieurs fois dans l&rsquo;ann\u00e9e<\/mark><\/p>\n\n\n\n<p class=\"has-text-align-center\"><mark style=\"background-color:rgba(0, 0, 0, 0)\" class=\"has-inline-color has-neve-text-color-color\"><strong>Un annuaire des professionnels<\/strong> de la r\u00e9gion accessible en ligne avec leurs coordonn\u00e9es et leurs formations <\/mark><\/p>\n\n\n\n<p class=\"has-text-align-center\"><mark style=\"background-color:rgba(0, 0, 0, 0)\" class=\"has-inline-color has-neve-text-color-color\"><strong>Une veille documentaire <\/strong>mise \u00e0 jour r\u00e9guli\u00e8rement<\/mark> m<\/p>\n\n\n\n<p class=\"has-text-align-center\"><mark style=\"background-color:rgba(0, 0, 0, 0)\" class=\"has-inline-color has-neve-text-color-color\"><strong>Mise en place de compagnonnage<\/strong> (en pr\u00e9sentiel et en distanciel selon les besoins)<\/mark> po<\/p>\n<\/div><\/div>\n<\/div>\n\n\n\n<div class=\"wp-block-column is-vertically-aligned-top is-layout-flow wp-block-column-is-layout-flow\" style=\"flex-basis:50%\">\n<figure class=\"wp-block-image size-full\"><img loading=\"lazy\" decoding=\"async\" width=\"612\" height=\"418\" src=\"https:\/\/pediateam.fr\/wp-content\/uploads\/2023\/09\/future.jpg\" alt=\"\" class=\"wp-image-1183\" srcset=\"https:\/\/pediateam.fr\/wp-content\/uploads\/2023\/09\/future.jpg 612w, https:\/\/pediateam.fr\/wp-content\/uploads\/2023\/09\/future-300x205.jpg 300w, https:\/\/pediateam.fr\/wp-content\/uploads\/2023\/09\/future-600x410.jpg 600w\" sizes=\"auto, (max-width: 612px) 100vw, 612px\" \/><\/figure>\n\n\n\n<div style=\"height:25px\" aria-hidden=\"true\" class=\"wp-block-spacer\"><\/div>\n\n\n\n<div class=\"wp-block-buttons is-content-justification-center is-layout-flex wp-container-core-buttons-is-layout-16018d1d wp-block-buttons-is-layout-flex\">\n<div class=\"wp-block-button is-style-primary\"><a class=\"wp-block-button__link wp-element-button\">ACCOMPAGNEMENT<\/a><\/div>\n<\/div>\n\n\n\n<div style=\"height:25px\" aria-hidden=\"true\" class=\"wp-block-spacer\"><\/div>\n\n\n\n<p class=\"has-text-align-center\"><mark style=\"background-color:rgba(0, 0, 0, 0)\" class=\"has-inline-color has-neve-text-color-color\">Que ces professionnels soient novices ou habitu\u00e9s \u00e0 la prise en soin en p\u00e9diatrie,<strong> l&rsquo;association les soutient pour d\u00e9velopper une offre de soin<\/strong>, ajust\u00e9e \u00e0 l\u2019enfant et sa famille au plus pr\u00e8s de son contexte de vie et coordonn\u00e9e entre acteurs de sant\u00e9, sociaux et d\u2019\u00e9ducation.<\/mark><\/p>\n<\/div>\n<\/div>\n\n\n\n<div style=\"height:20px\" aria-hidden=\"true\" class=\"wp-block-spacer\"><\/div>\n<\/div><\/div>\n<\/div><\/div>\n\n\n\n<div class=\"wp-block-cover alignfull\" style=\"min-height:300px;aspect-ratio:unset;\"><span aria-hidden=\"true\" class=\"wp-block-cover__background has-nv-dark-bg-background-color has-background-dim-100 has-background-dim\"><\/span><div class=\"wp-block-cover__inner-container is-layout-flow wp-block-cover-is-layout-flow\">\n<div style=\"height:24px\" aria-hidden=\"true\" class=\"wp-block-spacer\"><\/div>\n\n\n\n<div class=\"wp-block-columns is-layout-flex wp-container-core-columns-is-layout-9d6595d7 wp-block-columns-is-layout-flex\">\n<div class=\"wp-block-column is-vertically-aligned-center is-layout-flow wp-block-column-is-layout-flow\"><\/div>\n\n\n\n<div class=\"wp-block-column is-vertically-aligned-center is-layout-flow wp-block-column-is-layout-flow\"><div class=\"wp-block-image\">\n<figure class=\"alignleft size-full is-resized\"><a href=\"https:\/\/pediateam.fr\/?page_id=6\"><img loading=\"lazy\" decoding=\"async\" width=\"612\" height=\"612\" src=\"https:\/\/pediateam.fr\/wp-content\/uploads\/2023\/09\/adhesion.png\" alt=\"\" class=\"wp-image-943\" style=\"width:234px;height:234px\" srcset=\"https:\/\/pediateam.fr\/wp-content\/uploads\/2023\/09\/adhesion.png 612w, https:\/\/pediateam.fr\/wp-content\/uploads\/2023\/09\/adhesion-300x300.png 300w, https:\/\/pediateam.fr\/wp-content\/uploads\/2023\/09\/adhesion-150x150.png 150w, https:\/\/pediateam.fr\/wp-content\/uploads\/2023\/09\/adhesion-600x600.png 600w, https:\/\/pediateam.fr\/wp-content\/uploads\/2023\/09\/adhesion-100x100.png 100w\" sizes=\"auto, (max-width: 612px) 100vw, 612px\" \/><\/a><\/figure><\/div><\/div>\n\n\n\n<div class=\"wp-block-column is-vertically-aligned-center is-layout-flow wp-block-column-is-layout-flow\"><div class=\"wp-block-image ticss-a27d0c9f\">\n<figure class=\"alignright size-large is-resized\"><a href=\"#ppsShowPopUp_100\"><img decoding=\"async\" src=\"https:\/\/pediateam.fr\/wp-content\/uploads\/2023\/10\/tuto-774x1024.png\" alt=\"\" class=\"wp-image-1434\" style=\"width:179px;height:237px\"\/><\/a><\/figure><\/div><\/div>\n\n\n\n<div class=\"wp-block-column is-vertically-aligned-center is-layout-flow wp-block-column-is-layout-flow\"><\/div>\n<\/div>\n\n\n\n<p class=\"has-text-align-center\">Rejoignez l&rsquo;association !<\/p>\n\n\n\n<div class=\"wp-block-buttons is-content-justification-center is-layout-flex wp-container-core-buttons-is-layout-16018d1d wp-block-buttons-is-layout-flex\">\n<div class=\"wp-block-button is-style-primary\"><a class=\"wp-block-button__link wp-element-button\" href=\"https:\/\/pediateam.fr\/?page_id=6\">ADHERER<\/a><\/div>\n<\/div>\n\n\n\n<div style=\"height:24px\" aria-hidden=\"true\" class=\"wp-block-spacer\"><\/div>\n\n\n\n<p class=\"has-text-align-center\">Documents t\u00e9l\u00e9chargeables<\/p>\n\n\n\n<div class=\"wp-block-buttons is-content-justification-center is-layout-flex wp-container-core-buttons-is-layout-16018d1d wp-block-buttons-is-layout-flex\">\n<div class=\"wp-block-button is-style-primary\"><a class=\"wp-block-button__link wp-element-button\" href=\"https:\/\/pediateam.fr\/statuts.pdf\" target=\"_blank\" rel=\"noreferrer noopener\">STATUTS<\/a><\/div>\n\n\n\n<div class=\"wp-block-button is-style-primary\"><a class=\"wp-block-button__link wp-element-button\" href=\"https:\/\/pediateam.fr\/charte.pdf\" target=\"_blank\" rel=\"noreferrer noopener\">CHARTE<\/a><\/div>\n\n\n\n<div class=\"wp-block-button is-style-primary\"><a class=\"wp-block-button__link wp-element-button\" href=\"https:\/\/pediateam.fr\/reglement.pdf\" target=\"_blank\" rel=\"noreferrer noopener\">REGLEMENT<\/a><\/div>\n<\/div>\n\n\n\n<div style=\"height:24px\" aria-hidden=\"true\" class=\"wp-block-spacer\"><\/div>\n<\/div><\/div>\n","protected":false},"excerpt":{"rendered":"","protected":false},"author":1,"featured_media":0,"parent":0,"menu_order":0,"comment_status":"closed","ping_status":"closed","template":"","meta":{"neve_meta_sidebar":"","neve_meta_container":"default","neve_meta_enable_content_width":"on","neve_meta_content_width":100,"neve_meta_title_alignment":"left","neve_meta_author_avatar":"","neve_post_elements_order":"","neve_meta_disable_header":"","neve_meta_disable_footer":"","neve_meta_disable_title":"","_themeisle_gutenberg_block_has_review":false,"footnotes":""},"class_list":["post-549","page","type-page","status-publish","hentry"],"_links":{"self":[{"href":"https:\/\/pediateam.fr\/index.php?rest_route=\/wp\/v2\/pages\/549","targetHints":{"allow":["GET"]}}],"collection":[{"href":"https:\/\/pediateam.fr\/index.php?rest_route=\/wp\/v2\/pages"}],"about":[{"href":"https:\/\/pediateam.fr\/index.php?rest_route=\/wp\/v2\/types\/page"}],"author":[{"embeddable":true,"href":"https:\/\/pediateam.fr\/index.php?rest_route=\/wp\/v2\/users\/1"}],"replies":[{"embeddable":true,"href":"https:\/\/pediateam.fr\/index.php?rest_route=%2Fwp%2Fv2%2Fcomments&post=549"}],"version-history":[{"count":38,"href":"https:\/\/pediateam.fr\/index.php?rest_route=\/wp\/v2\/pages\/549\/revisions"}],"predecessor-version":[{"id":2259,"href":"https:\/\/pediateam.fr\/index.php?rest_route=\/wp\/v2\/pages\/549\/revisions\/2259"}],"wp:attachment":[{"href":"https:\/\/pediateam.fr\/index.php?rest_route=%2Fwp%2Fv2%2Fmedia&parent=549"}],"curies":[{"name":"wp","href":"https:\/\/api.w.org\/{rel}","templated":true}]}}