


{"id":309,"date":"2020-01-13T11:17:52","date_gmt":"2020-01-13T11:17:52","guid":{"rendered":"https:\/\/demosites.io\/web-agency-gb\/?page_id=5"},"modified":"2025-04-21T11:54:21","modified_gmt":"2025-04-21T09:54:21","slug":"15c42-web-agency-gb-home","status":"publish","type":"page","link":"https:\/\/pediateam.fr\/","title":{"rendered":"PediaTeam : R\u00e9seau d&rsquo;accompagnement p\u00e9diatrique pluridisciplinaire"},"content":{"rendered":"\n<div class=\"wp-block-cover alignfull is-light has-parallax animated fadeIn\" style=\"min-height:700px;aspect-ratio:unset;\"><div class=\"wp-block-cover__image-background wp-image-754 has-parallax\" style=\"background-position:50% 50%;background-image:url(https:\/\/pediateam.fr\/wp-content\/uploads\/2023\/09\/arnoir.jpg)\"><\/div><span aria-hidden=\"true\" class=\"wp-block-cover__background has-background-dim-0 has-background-dim has-background-gradient\" style=\"background:linear-gradient(155deg,rgb(255,255,255) 0%,rgb(0,0,0) 100%)\"><\/span><div class=\"wp-block-cover__inner-container is-layout-flow wp-block-cover-is-layout-flow\">\n<div style=\"height:80px\" aria-hidden=\"true\" class=\"wp-block-spacer\"><\/div>\n\n\n<div class=\"wp-block-image is-style-default ticss-8f4a4764\">\n<figure class=\"aligncenter size-full\"><img loading=\"lazy\" decoding=\"async\" width=\"3669\" height=\"3596\" src=\"https:\/\/pediateam.fr\/wp-content\/uploads\/2023\/08\/logook4.png\" alt=\"\" class=\"wp-image-478\" srcset=\"https:\/\/pediateam.fr\/wp-content\/uploads\/2023\/08\/logook4.png 3669w, https:\/\/pediateam.fr\/wp-content\/uploads\/2023\/08\/logook4-300x294.png 300w, https:\/\/pediateam.fr\/wp-content\/uploads\/2023\/08\/logook4-1024x1004.png 1024w, https:\/\/pediateam.fr\/wp-content\/uploads\/2023\/08\/logook4-768x753.png 768w, https:\/\/pediateam.fr\/wp-content\/uploads\/2023\/08\/logook4-1536x1505.png 1536w, https:\/\/pediateam.fr\/wp-content\/uploads\/2023\/08\/logook4-2048x2007.png 2048w, https:\/\/pediateam.fr\/wp-content\/uploads\/2023\/08\/logook4-600x588.png 600w\" sizes=\"auto, (max-width: 3669px) 100vw, 3669px\" \/><\/figure><\/div>\n\n\n<p><\/p>\n\n\n\n<h1 class=\"wp-block-heading has-text-align-left has-neve-link-hover-color-color has-text-color has-x-large-font-size\">PediaTeam<\/h1>\n\n\n\n<p class=\"ticss-44358b1f has-medium-font-size\"><mark style=\"background-color:rgba(0, 0, 0, 0)\" class=\"has-inline-color has-nv-text-dark-bg-color\"><strong>Son r\u00f4le est de r\u00e9unir et rassembler des professionnels en lien avec l\u2019accompagnement p\u00e9diatrique en Nouvelle Aquitaine, qui exercent et s\u2019engagent autour de la r\u00e9habilitation, l\u2019\u00e9ducation, la promotion de la sant\u00e9, du soin et la r\u00e9\u00e9ducation de l\u2019enfant, dans et avec sa famille.<\/strong><\/mark><\/p>\n\n\n\n<div style=\"height:29px\" aria-hidden=\"true\" class=\"wp-block-spacer\"><\/div>\n\n\n\n<div class=\"wp-block-buttons is-horizontal is-content-justification-left is-layout-flex wp-container-core-buttons-is-layout-7e5fce0a wp-block-buttons-is-layout-flex\">\n<div class=\"wp-block-button is-style-primary\"><a class=\"wp-block-button__link wp-element-button\" href=\"https:\/\/pediateam.fr\/?page_id=783\">D\u00e9couvrir le r\u00e9seau<\/a><\/div>\n\n\n\n<div class=\"wp-block-button is-style-default\"><a class=\"wp-block-button__link wp-element-button\" href=\"https:\/\/pediateam.fr\/?page_id=554\">Notre \u00e9quipe<\/a><\/div>\n<\/div>\n\n\n\n<div style=\"height:80px\" aria-hidden=\"true\" class=\"wp-block-spacer\"><\/div>\n<\/div><\/div>\n\n\n\n<div style=\"height:60px\" aria-hidden=\"true\" class=\"wp-block-spacer\"><\/div>\n\n\n\n<div class=\"wp-block-columns is-layout-flex wp-container-core-columns-is-layout-9d6595d7 wp-block-columns-is-layout-flex\">\n<div class=\"wp-block-column is-layout-flow wp-block-column-is-layout-flow\"><div class=\"wp-block-image icon-style is-style-rounded\">\n<figure class=\"aligncenter size-full\"><img loading=\"lazy\" decoding=\"async\" width=\"72\" height=\"72\" src=\"https:\/\/pediateam.fr\/wp-content\/uploads\/2020\/01\/neve-webdesign-GB-03.png\" alt=\"\" class=\"wp-image-20\" title=\"\"\/><\/figure><\/div>\n\n\n<div style=\"height:20px\" aria-hidden=\"true\" class=\"wp-block-spacer\"><\/div>\n\n\n\n<h3 class=\"wp-block-heading has-text-align-center has-neve-text-color-color has-text-color\">Organiser<\/h3>\n\n\n\n<p class=\"has-text-align-center\">Harmoniser, d\u00e9velopper et coordonner les activit\u00e9s et pratiques des professionnels de la sant\u00e9, de l\u2019\u00e9ducation et de la r\u00e9\u00e9ducation sp\u00e9cialis\u00e9s en p\u00e9diatrie.<\/p>\n\n\n\n<div style=\"height:20px\" aria-hidden=\"true\" class=\"wp-block-spacer\"><\/div>\n<\/div>\n\n\n\n<div class=\"wp-block-column is-layout-flow wp-block-column-is-layout-flow\"><div class=\"wp-block-image icon-style is-style-rounded\">\n<figure class=\"aligncenter size-full\"><img loading=\"lazy\" decoding=\"async\" width=\"72\" height=\"72\" src=\"https:\/\/pediateam.fr\/wp-content\/uploads\/2023\/08\/AMELIO.png\" alt=\"\" class=\"wp-image-506\"\/><\/figure><\/div>\n\n\n<div style=\"height:20px\" aria-hidden=\"true\" class=\"wp-block-spacer\"><\/div>\n\n\n\n<h3 class=\"wp-block-heading has-text-align-center has-neve-text-color-color has-text-color\">Am\u00e9liorer<\/h3>\n\n\n\n<p class=\"has-text-align-center\">Identifier et recueillir les attentes et besoins des usagers de la sant\u00e9 et des partenaires de l\u2019offre de soin sur l\u2019ensemble du territoire.<\/p>\n\n\n\n<div style=\"height:20px\" aria-hidden=\"true\" class=\"wp-block-spacer\"><\/div>\n<\/div>\n\n\n\n<div class=\"wp-block-column is-layout-flow wp-block-column-is-layout-flow\"><div class=\"wp-block-image icon-style is-style-rounded\">\n<figure class=\"aligncenter size-full\"><img loading=\"lazy\" decoding=\"async\" width=\"72\" height=\"72\" src=\"https:\/\/pediateam.fr\/wp-content\/uploads\/2023\/08\/PARTAG.png\" alt=\"\" class=\"wp-image-513\"\/><\/figure><\/div>\n\n\n<div style=\"height:20px\" aria-hidden=\"true\" class=\"wp-block-spacer\"><\/div>\n\n\n\n<h3 class=\"wp-block-heading has-text-align-center has-neve-text-color-color has-text-color\">Partager<\/h3>\n\n\n\n<p class=\"has-text-align-center\">Repr\u00e9senter et rendre compte de cette dynamique des professionnels aupr\u00e8s des familles, du public et des partenaires, mais aussi des associations d\u2019usagers et tutelles.<\/p>\n\n\n\n<div style=\"height:20px\" aria-hidden=\"true\" class=\"wp-block-spacer\"><\/div>\n<\/div>\n<\/div>\n\n\n\n<div style=\"height:60px\" aria-hidden=\"true\" class=\"wp-block-spacer\"><\/div>\n\n\n\n<div class=\"wp-block-cover alignfull\" style=\"min-height:600px;aspect-ratio:unset;\"><span aria-hidden=\"true\" class=\"wp-block-cover__background has-nv-light-bg-background-color has-background-dim-100 has-background-dim\"><\/span><div class=\"wp-block-cover__inner-container is-layout-flow wp-block-cover-is-layout-flow\">\n<div class=\"wp-block-group\"><div class=\"wp-block-group__inner-container is-layout-flow wp-block-group-is-layout-flow\">\n<div style=\"height:80px\" aria-hidden=\"true\" class=\"wp-block-spacer\"><\/div>\n\n\n\n<div class=\"wp-block-columns are-vertically-aligned-center is-layout-flex wp-container-core-columns-is-layout-9d6595d7 wp-block-columns-is-layout-flex\">\n<div class=\"wp-block-column is-vertically-aligned-center is-layout-flow wp-block-column-is-layout-flow\" style=\"flex-basis:50%\"><div class=\"wp-block-image is-style-default\">\n<figure class=\"aligncenter size-full is-resized\"><img loading=\"lazy\" decoding=\"async\" width=\"600\" height=\"600\" src=\"https:\/\/pediateam.fr\/wp-content\/uploads\/2023\/08\/carte.png\" alt=\"\" class=\"wp-image-598\" style=\"width:455px;height:auto\" srcset=\"https:\/\/pediateam.fr\/wp-content\/uploads\/2023\/08\/carte.png 600w, https:\/\/pediateam.fr\/wp-content\/uploads\/2023\/08\/carte-300x300.png 300w, https:\/\/pediateam.fr\/wp-content\/uploads\/2023\/08\/carte-150x150.png 150w, https:\/\/pediateam.fr\/wp-content\/uploads\/2023\/08\/carte-100x100.png 100w\" sizes=\"auto, (max-width: 600px) 100vw, 600px\" \/><\/figure><\/div><\/div>\n\n\n\n<div class=\"wp-block-column is-vertically-aligned-center is-layout-flow wp-block-column-is-layout-flow\" style=\"flex-basis:50%\">\n<div style=\"height:20px\" aria-hidden=\"true\" class=\"wp-block-spacer\"><\/div>\n\n\n\n<h2 class=\"wp-block-heading has-text-align-left has-neve-text-color-color has-text-color\">Carte des professionnels<\/h2>\n\n\n\n<p class=\"has-text-align-left has-neve-text-color-color has-text-color\" style=\"font-size:17px\">Retrouver les coordonn\u00e9es des professionnels adh\u00e9rents&nbsp; (p\u00e9diatres, kin\u00e9sith\u00e9rapeutes, orthophonistes, ergoth\u00e9rapeutes, psychomotriciens, infirmi\u00e8res, orthoptistes, orthoproth\u00e9sistes etc.), ainsi que les institutions et leurs ressources r\u00e9gionales.<\/p>\n\n\n\n<div class=\"wp-block-buttons is-horizontal is-content-justification-left is-layout-flex wp-container-core-buttons-is-layout-7e5fce0a wp-block-buttons-is-layout-flex\">\n<div class=\"wp-block-button is-style-primary\"><a class=\"wp-block-button__link wp-element-button\" href=\"https:\/\/pediateam.fr\/?page_id=546\">RECHERCHER UN PRATICIEN<\/a><\/div>\n<\/div>\n<\/div>\n<\/div>\n\n\n\n<div style=\"height:40px\" aria-hidden=\"true\" class=\"wp-block-spacer\"><\/div>\n<\/div><\/div>\n<\/div><\/div>\n\n\n\n<div class=\"wp-block-cover alignfull\" style=\"min-height:600px;aspect-ratio:unset;\"><span aria-hidden=\"true\" class=\"wp-block-cover__background has-nv-dark-bg-background-color has-background-dim-100 has-background-dim\"><\/span><div class=\"wp-block-cover__inner-container is-layout-flow wp-block-cover-is-layout-flow\">\n<div class=\"wp-block-group\"><div class=\"wp-block-group__inner-container is-layout-flow wp-block-group-is-layout-flow\">\n<div style=\"height:80px\" aria-hidden=\"true\" class=\"wp-block-spacer\"><\/div>\n\n\n\n<div class=\"wp-block-columns are-vertically-aligned-center is-layout-flex wp-container-core-columns-is-layout-9d6595d7 wp-block-columns-is-layout-flex\">\n<div class=\"wp-block-column is-vertically-aligned-center is-layout-flow wp-block-column-is-layout-flow\" style=\"flex-basis:50%\">\n<figure class=\"wp-block-image size-full\"><img loading=\"lazy\" decoding=\"async\" width=\"1280\" height=\"853\" src=\"https:\/\/pediateam.fr\/wp-content\/uploads\/2023\/09\/team-4529717_1280.jpg\" alt=\"\" class=\"wp-image-777\" srcset=\"https:\/\/pediateam.fr\/wp-content\/uploads\/2023\/09\/team-4529717_1280.jpg 1280w, https:\/\/pediateam.fr\/wp-content\/uploads\/2023\/09\/team-4529717_1280-300x200.jpg 300w, https:\/\/pediateam.fr\/wp-content\/uploads\/2023\/09\/team-4529717_1280-1024x682.jpg 1024w, https:\/\/pediateam.fr\/wp-content\/uploads\/2023\/09\/team-4529717_1280-768x512.jpg 768w, https:\/\/pediateam.fr\/wp-content\/uploads\/2023\/09\/team-4529717_1280-930x620.jpg 930w, https:\/\/pediateam.fr\/wp-content\/uploads\/2023\/09\/team-4529717_1280-600x400.jpg 600w\" sizes=\"auto, (max-width: 1280px) 100vw, 1280px\" \/><\/figure>\n<\/div>\n\n\n\n<div class=\"wp-block-column is-vertically-aligned-center is-layout-flow wp-block-column-is-layout-flow\" style=\"flex-basis:50%\">\n<div style=\"height:0px\" aria-hidden=\"true\" class=\"wp-block-spacer\"><\/div>\n\n\n\n<h2 class=\"wp-block-heading has-text-align-left has-nv-text-dark-bg-color has-text-color\">Nos \u00e9v\u00e8nements Professionnels<\/h2>\n\n\n\n<p class=\"has-text-align-left has-nv-text-dark-bg-color has-text-color\" style=\"font-size:17px\">L&rsquo;association propose r\u00e9guli\u00e8rement (une dizaine par an) des webinaires, soir\u00e9es \u00e0 th\u00e8mes, soir\u00e9es partage de cas cliniques. <\/p>\n\n\n\n<p class=\"has-text-align-left has-nv-text-dark-bg-color has-text-color\" style=\"font-size:17px\">Retrouvez &#8211; les dans l&rsquo;espace Pro!<\/p>\n\n\n\n<div class=\"wp-block-buttons is-horizontal is-content-justification-left is-layout-flex wp-container-core-buttons-is-layout-7e5fce0a wp-block-buttons-is-layout-flex\">\n<div class=\"wp-block-button is-style-primary\"><a class=\"wp-block-button__link wp-element-button\" href=\"https:\/\/pediateam.fr\/?page_id=2433\">EN SAVOIR +<\/a><\/div>\n<\/div>\n<\/div>\n<\/div>\n\n\n\n<div style=\"height:50px\" aria-hidden=\"true\" class=\"wp-block-spacer\"><\/div>\n<\/div><\/div>\n<\/div><\/div>\n\n\n\n<div class=\"wp-block-cover alignfull\" style=\"min-height:600px;aspect-ratio:unset;\"><span aria-hidden=\"true\" class=\"wp-block-cover__background has-nv-site-bg-background-color has-background-dim-100 has-background-dim\"><\/span><div class=\"wp-block-cover__inner-container is-layout-flow wp-block-cover-is-layout-flow\">\n<div class=\"wp-block-group\"><div class=\"wp-block-group__inner-container is-layout-flow wp-block-group-is-layout-flow\">\n<div style=\"height:80px\" aria-hidden=\"true\" class=\"wp-block-spacer\"><\/div>\n\n\n\n<div class=\"wp-block-columns are-vertically-aligned-center is-layout-flex wp-container-core-columns-is-layout-9d6595d7 wp-block-columns-is-layout-flex\">\n<div class=\"wp-block-column is-vertically-aligned-center is-layout-flow wp-block-column-is-layout-flow\" style=\"flex-basis:50%\">\n<h2 class=\"wp-block-heading has-text-align-left has-neve-text-color-color has-text-color\">Nous rejoindre<\/h2>\n\n\n\n<p class=\"has-text-align-left has-neve-text-color-color has-text-color\" style=\"font-size:17px\">L&rsquo;association propose diff\u00e9rentes ressources \u00e0 travers ses actions et ses moyens de communication.<\/p>\n\n\n\n<div class=\"wp-block-buttons is-horizontal is-content-justification-left is-layout-flex wp-container-core-buttons-is-layout-7e5fce0a wp-block-buttons-is-layout-flex\">\n<div class=\"wp-block-button is-style-primary\"><a class=\"wp-block-button__link wp-element-button\" href=\"https:\/\/pediateam.fr\/?page_id=6\">EN SAVOIR +<\/a><\/div>\n<\/div>\n\n\n\n<div style=\"height:40px\" aria-hidden=\"true\" class=\"wp-block-spacer\"><\/div>\n<\/div>\n\n\n\n<div class=\"wp-block-column is-vertically-aligned-center is-layout-flow wp-block-column-is-layout-flow\" style=\"flex-basis:50%\">\n<figure class=\"wp-block-image size-full is-resized\"><img loading=\"lazy\" decoding=\"async\" width=\"600\" height=\"600\" src=\"https:\/\/pediateam.fr\/wp-content\/uploads\/2023\/09\/neve-web-design-bg-13-1.jpg\" alt=\"\" class=\"wp-image-778\" style=\"width:485px;height:auto\" srcset=\"https:\/\/pediateam.fr\/wp-content\/uploads\/2023\/09\/neve-web-design-bg-13-1.jpg 600w, https:\/\/pediateam.fr\/wp-content\/uploads\/2023\/09\/neve-web-design-bg-13-1-300x300.jpg 300w, https:\/\/pediateam.fr\/wp-content\/uploads\/2023\/09\/neve-web-design-bg-13-1-150x150.jpg 150w, https:\/\/pediateam.fr\/wp-content\/uploads\/2023\/09\/neve-web-design-bg-13-1-100x100.jpg 100w\" sizes=\"auto, (max-width: 600px) 100vw, 600px\" \/><\/figure>\n<\/div>\n<\/div>\n\n\n\n<div style=\"height:40px\" aria-hidden=\"true\" class=\"wp-block-spacer\"><\/div>\n<\/div><\/div>\n<\/div><\/div>\n\n\n\n<div class=\"wp-block-cover alignfull\" style=\"min-height:449px;aspect-ratio:unset;\"><span aria-hidden=\"true\" class=\"wp-block-cover__background has-nv-light-bg-background-color has-background-dim-100 has-background-dim\"><\/span><div class=\"wp-block-cover__inner-container is-layout-flow wp-block-cover-is-layout-flow\">\n<div class=\"wp-block-group\"><div class=\"wp-block-group__inner-container is-layout-flow wp-block-group-is-layout-flow\">\n<div class=\"wp-block-columns are-vertically-aligned-center is-layout-flex wp-container-core-columns-is-layout-9d6595d7 wp-block-columns-is-layout-flex\">\n<div class=\"wp-block-column is-vertically-aligned-center is-layout-flow wp-block-column-is-layout-flow\" style=\"flex-basis:50%\"><div class=\"wp-block-image is-style-default\">\n<figure class=\"aligncenter size-full is-resized\"><img loading=\"lazy\" decoding=\"async\" width=\"720\" height=\"720\" src=\"https:\/\/pediateam.fr\/wp-content\/uploads\/2025\/04\/texte-aides-financieres.png\" alt=\"\" class=\"wp-image-2813\" style=\"width:398px;height:auto\" srcset=\"https:\/\/pediateam.fr\/wp-content\/uploads\/2025\/04\/texte-aides-financieres.png 720w, https:\/\/pediateam.fr\/wp-content\/uploads\/2025\/04\/texte-aides-financieres-300x300.png 300w, https:\/\/pediateam.fr\/wp-content\/uploads\/2025\/04\/texte-aides-financieres-150x150.png 150w, https:\/\/pediateam.fr\/wp-content\/uploads\/2025\/04\/texte-aides-financieres-600x600.png 600w, https:\/\/pediateam.fr\/wp-content\/uploads\/2025\/04\/texte-aides-financieres-100x100.png 100w\" sizes=\"auto, (max-width: 720px) 100vw, 720px\" \/><\/figure><\/div><\/div>\n\n\n\n<div class=\"wp-block-column is-vertically-aligned-center is-layout-flow wp-block-column-is-layout-flow\" style=\"flex-basis:50%\">\n<div style=\"height:20px\" aria-hidden=\"true\" class=\"wp-block-spacer\"><\/div>\n\n\n\n<h2 class=\"wp-block-heading has-text-align-left has-neve-text-color-color has-text-color\">Compagnonnage<\/h2>\n\n\n\n<p class=\"has-text-align-left has-neve-text-color-color has-text-color\" style=\"font-size:17px\">PediaTeam a mis en place un programme de compagnonnage professionnel, destin\u00e9 \u00e0 soutenir et \u00e0 accompagner les professionnels de la sant\u00e9 dans leur d\u00e9veloppement.<\/p>\n\n\n\n<div class=\"wp-block-buttons is-horizontal is-content-justification-left is-layout-flex wp-container-core-buttons-is-layout-7e5fce0a wp-block-buttons-is-layout-flex\">\n<div class=\"wp-block-button is-style-primary\"><a class=\"wp-block-button__link wp-element-button\" href=\"https:\/\/pediateam.fr\/?page_id=2766\">EN SAVOIR +<\/a><\/div>\n<\/div>\n<\/div>\n<\/div>\n<\/div><\/div>\n<\/div><\/div>\n\n\n\n<div class=\"wp-block-cover alignfull\" style=\"min-height:300px;aspect-ratio:unset;\"><span aria-hidden=\"true\" class=\"wp-block-cover__background has-nv-dark-bg-background-color has-background-dim-100 has-background-dim\"><\/span><div class=\"wp-block-cover__inner-container is-layout-flow wp-block-cover-is-layout-flow\"><div class=\"wp-block-image\">\n<figure class=\"aligncenter size-full is-resized\"><img loading=\"lazy\" decoding=\"async\" width=\"612\" height=\"612\" src=\"https:\/\/pediateam.fr\/wp-content\/uploads\/2023\/08\/newsletter.png\" alt=\"\" class=\"wp-image-422\" style=\"width:234px;height:234px\" srcset=\"https:\/\/pediateam.fr\/wp-content\/uploads\/2023\/08\/newsletter.png 612w, https:\/\/pediateam.fr\/wp-content\/uploads\/2023\/08\/newsletter-300x300.png 300w, https:\/\/pediateam.fr\/wp-content\/uploads\/2023\/08\/newsletter-150x150.png 150w, https:\/\/pediateam.fr\/wp-content\/uploads\/2023\/08\/newsletter-600x600.png 600w, https:\/\/pediateam.fr\/wp-content\/uploads\/2023\/08\/newsletter-100x100.png 100w\" sizes=\"auto, (max-width: 612px) 100vw, 612px\" \/><\/figure><\/div>\n\n\n<p class=\"has-text-align-center\">Suivez nous sur les r\u00e9seaux pour voir nos actualit\u00e9s et nos \u00e9v\u00e8nements.<\/p>\n\n\n\n<ul class=\"wp-block-social-links is-content-justification-center is-layout-flex wp-container-core-social-links-is-layout-16018d1d wp-block-social-links-is-layout-flex\"><li class=\"wp-social-link wp-social-link-facebook  wp-block-social-link\"><a href=\"https:\/\/m.facebook.com\/people\/Pediateam-R%C3%A9seau-daccompagnement-p%C3%A9diatrique-pluridisciplinaire\/61552535460155\/\" class=\"wp-block-social-link-anchor\"><svg width=\"24\" height=\"24\" viewBox=\"0 0 24 24\" version=\"1.1\" xmlns=\"http:\/\/www.w3.org\/2000\/svg\" aria-hidden=\"true\" focusable=\"false\"><path d=\"M12 2C6.5 2 2 6.5 2 12c0 5 3.7 9.1 8.4 9.9v-7H7.9V12h2.5V9.8c0-2.5 1.5-3.9 3.8-3.9 1.1 0 2.2.2 2.2.2v2.5h-1.3c-1.2 0-1.6.8-1.6 1.6V12h2.8l-.4 2.9h-2.3v7C18.3 21.1 22 17 22 12c0-5.5-4.5-10-10-10z\"><\/path><\/svg><span class=\"wp-block-social-link-label screen-reader-text\">Facebook<\/span><\/a><\/li>\n\n<li class=\"wp-social-link wp-social-link-instagram  wp-block-social-link\"><a href=\"https:\/\/www.instagram.com\/pediateam.asso\/\" class=\"wp-block-social-link-anchor\"><svg width=\"24\" height=\"24\" viewBox=\"0 0 24 24\" version=\"1.1\" xmlns=\"http:\/\/www.w3.org\/2000\/svg\" aria-hidden=\"true\" focusable=\"false\"><path d=\"M12,4.622c2.403,0,2.688,0.009,3.637,0.052c0.877,0.04,1.354,0.187,1.671,0.31c0.42,0.163,0.72,0.358,1.035,0.673 c0.315,0.315,0.51,0.615,0.673,1.035c0.123,0.317,0.27,0.794,0.31,1.671c0.043,0.949,0.052,1.234,0.052,3.637 s-0.009,2.688-0.052,3.637c-0.04,0.877-0.187,1.354-0.31,1.671c-0.163,0.42-0.358,0.72-0.673,1.035 c-0.315,0.315-0.615,0.51-1.035,0.673c-0.317,0.123-0.794,0.27-1.671,0.31c-0.949,0.043-1.233,0.052-3.637,0.052 s-2.688-0.009-3.637-0.052c-0.877-0.04-1.354-0.187-1.671-0.31c-0.42-0.163-0.72-0.358-1.035-0.673 c-0.315-0.315-0.51-0.615-0.673-1.035c-0.123-0.317-0.27-0.794-0.31-1.671C4.631,14.688,4.622,14.403,4.622,12 s0.009-2.688,0.052-3.637c0.04-0.877,0.187-1.354,0.31-1.671c0.163-0.42,0.358-0.72,0.673-1.035 c0.315-0.315,0.615-0.51,1.035-0.673c0.317-0.123,0.794-0.27,1.671-0.31C9.312,4.631,9.597,4.622,12,4.622 M12,3 C9.556,3,9.249,3.01,8.289,3.054C7.331,3.098,6.677,3.25,6.105,3.472C5.513,3.702,5.011,4.01,4.511,4.511 c-0.5,0.5-0.808,1.002-1.038,1.594C3.25,6.677,3.098,7.331,3.054,8.289C3.01,9.249,3,9.556,3,12c0,2.444,0.01,2.751,0.054,3.711 c0.044,0.958,0.196,1.612,0.418,2.185c0.23,0.592,0.538,1.094,1.038,1.594c0.5,0.5,1.002,0.808,1.594,1.038 c0.572,0.222,1.227,0.375,2.185,0.418C9.249,20.99,9.556,21,12,21s2.751-0.01,3.711-0.054c0.958-0.044,1.612-0.196,2.185-0.418 c0.592-0.23,1.094-0.538,1.594-1.038c0.5-0.5,0.808-1.002,1.038-1.594c0.222-0.572,0.375-1.227,0.418-2.185 C20.99,14.751,21,14.444,21,12s-0.01-2.751-0.054-3.711c-0.044-0.958-0.196-1.612-0.418-2.185c-0.23-0.592-0.538-1.094-1.038-1.594 c-0.5-0.5-1.002-0.808-1.594-1.038c-0.572-0.222-1.227-0.375-2.185-0.418C14.751,3.01,14.444,3,12,3L12,3z M12,7.378 c-2.552,0-4.622,2.069-4.622,4.622S9.448,16.622,12,16.622s4.622-2.069,4.622-4.622S14.552,7.378,12,7.378z M12,15 c-1.657,0-3-1.343-3-3s1.343-3,3-3s3,1.343,3,3S13.657,15,12,15z M16.804,6.116c-0.596,0-1.08,0.484-1.08,1.08 s0.484,1.08,1.08,1.08c0.596,0,1.08-0.484,1.08-1.08S17.401,6.116,16.804,6.116z\"><\/path><\/svg><span class=\"wp-block-social-link-label screen-reader-text\">Instagram<\/span><\/a><\/li><\/ul>\n\n\n\n<div style=\"height:140px\" aria-hidden=\"true\" class=\"wp-block-spacer\"><\/div>\n<\/div><\/div>\n","protected":false},"excerpt":{"rendered":"<p>Organiser Harmoniser, d\u00e9velopper et coordonner les activit\u00e9s et pratiques des professionnels de la sant\u00e9, de l\u2019\u00e9ducation et de la r\u00e9\u00e9ducation sp\u00e9cialis\u00e9s en p\u00e9diatrie. Am\u00e9liorer Identifier et recueillir les attentes et besoins des usagers de la sant\u00e9 et des partenaires de l\u2019offre de soin sur l\u2019ensemble du territoire. Partager Repr\u00e9senter et rendre compte de cette dynamique&hellip;&nbsp;<a href=\"https:\/\/pediateam.fr\/\" class=\"\" rel=\"bookmark\">Lire la suite &raquo;<span class=\"screen-reader-text\">PediaTeam : R\u00e9seau d&rsquo;accompagnement p\u00e9diatrique pluridisciplinaire<\/span><\/a><\/p>\n","protected":false},"author":1,"featured_media":0,"parent":0,"menu_order":0,"comment_status":"closed","ping_status":"closed","template":"","meta":{"neve_meta_sidebar":"default","neve_meta_container":"default","neve_meta_enable_content_width":"on","neve_meta_content_width":100,"neve_meta_title_alignment":"","neve_meta_author_avatar":"","neve_post_elements_order":"","neve_meta_disable_header":"off","neve_meta_disable_footer":"","neve_meta_disable_title":"on","_themeisle_gutenberg_block_has_review":false,"footnotes":""},"class_list":["post-309","page","type-page","status-publish","hentry"],"_links":{"self":[{"href":"https:\/\/pediateam.fr\/index.php?rest_route=\/wp\/v2\/pages\/309","targetHints":{"allow":["GET"]}}],"collection":[{"href":"https:\/\/pediateam.fr\/index.php?rest_route=\/wp\/v2\/pages"}],"about":[{"href":"https:\/\/pediateam.fr\/index.php?rest_route=\/wp\/v2\/types\/page"}],"author":[{"embeddable":true,"href":"https:\/\/pediateam.fr\/index.php?rest_route=\/wp\/v2\/users\/1"}],"replies":[{"embeddable":true,"href":"https:\/\/pediateam.fr\/index.php?rest_route=%2Fwp%2Fv2%2Fcomments&post=309"}],"version-history":[{"count":95,"href":"https:\/\/pediateam.fr\/index.php?rest_route=\/wp\/v2\/pages\/309\/revisions"}],"predecessor-version":[{"id":2815,"href":"https:\/\/pediateam.fr\/index.php?rest_route=\/wp\/v2\/pages\/309\/revisions\/2815"}],"wp:attachment":[{"href":"https:\/\/pediateam.fr\/index.php?rest_route=%2Fwp%2Fv2%2Fmedia&parent=309"}],"curies":[{"name":"wp","href":"https:\/\/api.w.org\/{rel}","templated":true}]}}