


{"id":1348,"date":"2023-10-01T14:39:00","date_gmt":"2023-10-01T12:39:00","guid":{"rendered":"https:\/\/pediateam.fr\/?page_id=1348"},"modified":"2024-12-11T16:26:40","modified_gmt":"2024-12-11T15:26:40","slug":"news","status":"publish","type":"page","link":"https:\/\/pediateam.fr\/?page_id=1348","title":{"rendered":"Actualit\u00e9s"},"content":{"rendered":"<div class=\"wp-block-themeisle-blocks-posts-grid\" id=\"wp-block-themeisle-blocks-posts-grid-939b88d5\"><div class=\"is-list\"><div class=\"o-posts-grid-post-blog o-posts-grid-post-plain\"><div class=\"o-posts-grid-post\"><div class=\"o-posts-grid-post-image\"><a href=\"https:\/\/pediateam.fr\/?p=3042\"><img loading=\"lazy\" decoding=\"async\" width=\"768\" height=\"1152\" src=\"https:\/\/pediateam.fr\/wp-content\/uploads\/2026\/04\/ikhlas_sabilly-asian-5862397_1920-768x1152.jpg\" class=\"attachment-medium_large size-medium_large\" alt=\"REPLAY \u00ab\u00a0PORTER UN ENFANT\u00a0\u00bb\" srcset=\"https:\/\/pediateam.fr\/wp-content\/uploads\/2026\/04\/ikhlas_sabilly-asian-5862397_1920-768x1152.jpg 768w, https:\/\/pediateam.fr\/wp-content\/uploads\/2026\/04\/ikhlas_sabilly-asian-5862397_1920-200x300.jpg 200w, https:\/\/pediateam.fr\/wp-content\/uploads\/2026\/04\/ikhlas_sabilly-asian-5862397_1920-683x1024.jpg 683w, https:\/\/pediateam.fr\/wp-content\/uploads\/2026\/04\/ikhlas_sabilly-asian-5862397_1920-1024x1536.jpg 1024w, https:\/\/pediateam.fr\/wp-content\/uploads\/2026\/04\/ikhlas_sabilly-asian-5862397_1920-600x900.jpg 600w, https:\/\/pediateam.fr\/wp-content\/uploads\/2026\/04\/ikhlas_sabilly-asian-5862397_1920.jpg 1280w\" sizes=\"(max-width: 768px) 100vw, 768px\" \/><\/a><\/div><div class=\"o-posts-grid-post-body\"><h4 class=\"o-posts-grid-post-title\"><a href=\"https:\/\/pediateam.fr\/?p=3042\">REPLAY \u00ab\u00a0PORTER UN ENFANT\u00a0\u00bb<\/a><\/h4><div class=\"o-posts-grid-post-description\"><p>Porter un enfant, c&rsquo;est le porter physiquement,\u2026<\/p><a class=\"o-posts-read-more\" href=\"https:\/\/pediateam.fr\/?p=3042\">En savoir +<\/a><\/div><\/div><\/div><\/div><div class=\"o-posts-grid-post-blog o-posts-grid-post-plain\"><div class=\"o-posts-grid-post\"><div class=\"o-posts-grid-post-image\"><a href=\"https:\/\/pediateam.fr\/?p=2967\"><img loading=\"lazy\" decoding=\"async\" width=\"746\" height=\"1058\" src=\"https:\/\/pediateam.fr\/wp-content\/uploads\/2026\/01\/flyer-parenthese3-flyer-1-pdf.jpg\" class=\"attachment-medium_large size-medium_large\" alt=\"Groupe de parole PARENTS AYANT DES ENFANTS EN SITUATION DE HANDICAP\" \/><\/a><\/div><div class=\"o-posts-grid-post-body\"><h4 class=\"o-posts-grid-post-title\"><a href=\"https:\/\/pediateam.fr\/?p=2967\">Groupe de parole PARENTS AYANT DES ENFANTS EN SITUATION DE HANDICAP<\/a><\/h4><div class=\"o-posts-grid-post-description\"><p>Chers partenaires, En aout 2024, l\u2019UDAF proposait un \u2026<\/p><a class=\"o-posts-read-more\" href=\"https:\/\/pediateam.fr\/?p=2967\">En savoir +<\/a><\/div><\/div><\/div><\/div><div class=\"o-posts-grid-post-blog o-posts-grid-post-plain\"><div class=\"o-posts-grid-post\"><div class=\"o-posts-grid-post-image\"><a href=\"https:\/\/pediateam.fr\/?p=2941\"><img loading=\"lazy\" decoding=\"async\" width=\"768\" height=\"1086\" src=\"https:\/\/pediateam.fr\/wp-content\/uploads\/2025\/11\/Affiche-conference-Philippe-Croizon-768x1086.jpg\" class=\"attachment-medium_large size-medium_large\" alt=\"Journ\u00e9e sportive HANDISPORT Saint Rogatien 3 d\u00e9cembre 2025\" srcset=\"https:\/\/pediateam.fr\/wp-content\/uploads\/2025\/11\/Affiche-conference-Philippe-Croizon-768x1086.jpg 768w, https:\/\/pediateam.fr\/wp-content\/uploads\/2025\/11\/Affiche-conference-Philippe-Croizon-212x300.jpg 212w, https:\/\/pediateam.fr\/wp-content\/uploads\/2025\/11\/Affiche-conference-Philippe-Croizon-724x1024.jpg 724w, https:\/\/pediateam.fr\/wp-content\/uploads\/2025\/11\/Affiche-conference-Philippe-Croizon-1086x1536.jpg 1086w, https:\/\/pediateam.fr\/wp-content\/uploads\/2025\/11\/Affiche-conference-Philippe-Croizon-1448x2048.jpg 1448w, https:\/\/pediateam.fr\/wp-content\/uploads\/2025\/11\/Affiche-conference-Philippe-Croizon-600x849.jpg 600w, https:\/\/pediateam.fr\/wp-content\/uploads\/2025\/11\/Affiche-conference-Philippe-Croizon.jpg 1587w\" sizes=\"(max-width: 768px) 100vw, 768px\" \/><\/a><\/div><div class=\"o-posts-grid-post-body\"><h4 class=\"o-posts-grid-post-title\"><a href=\"https:\/\/pediateam.fr\/?p=2941\">Journ\u00e9e sportive HANDISPORT Saint Rogatien 3 d\u00e9cembre 2025<\/a><\/h4><div class=\"o-posts-grid-post-description\"><p>Dans le cadre de la Convention territoriale Globale, \u2026<\/p><a class=\"o-posts-read-more\" href=\"https:\/\/pediateam.fr\/?p=2941\">En savoir +<\/a><\/div><\/div><\/div><\/div><div class=\"o-posts-grid-post-blog o-posts-grid-post-plain\"><div class=\"o-posts-grid-post\"><div class=\"o-posts-grid-post-image\"><a href=\"https:\/\/pediateam.fr\/?p=2829\"><img loading=\"lazy\" decoding=\"async\" width=\"612\" height=\"447\" src=\"https:\/\/pediateam.fr\/wp-content\/uploads\/2025\/05\/istockphoto-1365606385-612x612-1.jpg\" class=\"attachment-medium_large size-medium_large\" alt=\"Comment les aliments ultra-transform\u00e9s alt\u00e8rent le microbiote des b\u00e9b\u00e9s?\" srcset=\"https:\/\/pediateam.fr\/wp-content\/uploads\/2025\/05\/istockphoto-1365606385-612x612-1.jpg 612w, https:\/\/pediateam.fr\/wp-content\/uploads\/2025\/05\/istockphoto-1365606385-612x612-1-300x219.jpg 300w, https:\/\/pediateam.fr\/wp-content\/uploads\/2025\/05\/istockphoto-1365606385-612x612-1-600x438.jpg 600w\" sizes=\"(max-width: 612px) 100vw, 612px\" \/><\/a><\/div><div class=\"o-posts-grid-post-body\"><h4 class=\"o-posts-grid-post-title\"><a href=\"https:\/\/pediateam.fr\/?p=2829\">Comment les aliments ultra-transform\u00e9s alt\u00e8rent le microbiote des b\u00e9b\u00e9s?<\/a><\/h4><div class=\"o-posts-grid-post-description\"><p>https:\/\/www.pourquoidocteur.fr\/Articles\/Question-d-ac\u2026<\/p><a class=\"o-posts-read-more\" href=\"https:\/\/pediateam.fr\/?p=2829\">En savoir +<\/a><\/div><\/div><\/div><\/div><div class=\"o-posts-grid-post-blog o-posts-grid-post-plain\"><div class=\"o-posts-grid-post\"><div class=\"o-posts-grid-post-image\"><a href=\"https:\/\/pediateam.fr\/?p=2826\"><img loading=\"lazy\" decoding=\"async\" width=\"612\" height=\"408\" src=\"https:\/\/pediateam.fr\/wp-content\/uploads\/2025\/05\/istockphoto-176565468-612x612-1.jpg\" class=\"attachment-medium_large size-medium_large\" alt=\"Etude sur le harnais de Pavlik et l&rsquo;allaitement\" srcset=\"https:\/\/pediateam.fr\/wp-content\/uploads\/2025\/05\/istockphoto-176565468-612x612-1.jpg 612w, https:\/\/pediateam.fr\/wp-content\/uploads\/2025\/05\/istockphoto-176565468-612x612-1-300x200.jpg 300w, https:\/\/pediateam.fr\/wp-content\/uploads\/2025\/05\/istockphoto-176565468-612x612-1-600x400.jpg 600w\" sizes=\"(max-width: 612px) 100vw, 612px\" \/><\/a><\/div><div class=\"o-posts-grid-post-body\"><h4 class=\"o-posts-grid-post-title\"><a href=\"https:\/\/pediateam.fr\/?p=2826\">Etude sur le harnais de Pavlik et l&rsquo;allaitement<\/a><\/h4><div class=\"o-posts-grid-post-description\"><p>Cette \u00e9tude montre que l\u2019utilisation d\u2019un harnais de \u2026<\/p><a class=\"o-posts-read-more\" href=\"https:\/\/pediateam.fr\/?p=2826\">En savoir +<\/a><\/div><\/div><\/div><\/div><div class=\"o-posts-grid-post-blog o-posts-grid-post-plain\"><div class=\"o-posts-grid-post\"><div class=\"o-posts-grid-post-image\"><a href=\"https:\/\/pediateam.fr\/?p=2754\"><img loading=\"lazy\" decoding=\"async\" width=\"640\" height=\"480\" src=\"https:\/\/pediateam.fr\/wp-content\/uploads\/2025\/04\/baby-1151348_640.jpg\" class=\"attachment-medium_large size-medium_large\" alt=\"Tout savoir sur le SAHOS de l\u2019enfant\" srcset=\"https:\/\/pediateam.fr\/wp-content\/uploads\/2025\/04\/baby-1151348_640.jpg 640w, https:\/\/pediateam.fr\/wp-content\/uploads\/2025\/04\/baby-1151348_640-300x225.jpg 300w, https:\/\/pediateam.fr\/wp-content\/uploads\/2025\/04\/baby-1151348_640-600x450.jpg 600w\" sizes=\"(max-width: 640px) 100vw, 640px\" \/><\/a><\/div><div class=\"o-posts-grid-post-body\"><h4 class=\"o-posts-grid-post-title\"><a href=\"https:\/\/pediateam.fr\/?p=2754\">Tout savoir sur le SAHOS de l\u2019enfant<\/a><\/h4><div class=\"o-posts-grid-post-description\"><p>Syndrome d\u2019apn\u00e9es-hypopn\u00e9es obstructives du sommeilIS\u2026<\/p><a class=\"o-posts-read-more\" href=\"https:\/\/pediateam.fr\/?p=2754\">En savoir +<\/a><\/div><\/div><\/div><\/div><div class=\"o-posts-grid-post-blog o-posts-grid-post-plain\"><div class=\"o-posts-grid-post\"><div class=\"o-posts-grid-post-image\"><a href=\"https:\/\/pediateam.fr\/?p=2749\"><img loading=\"lazy\" decoding=\"async\" width=\"640\" height=\"427\" src=\"https:\/\/pediateam.fr\/wp-content\/uploads\/2025\/04\/coloured-1854302_640.jpg\" class=\"attachment-medium_large size-medium_large\" alt=\"Bo\u00eete \u00e0 outils a destination des parents et enseignants\" srcset=\"https:\/\/pediateam.fr\/wp-content\/uploads\/2025\/04\/coloured-1854302_640.jpg 640w, https:\/\/pediateam.fr\/wp-content\/uploads\/2025\/04\/coloured-1854302_640-300x200.jpg 300w, https:\/\/pediateam.fr\/wp-content\/uploads\/2025\/04\/coloured-1854302_640-600x400.jpg 600w\" sizes=\"(max-width: 640px) 100vw, 640px\" \/><\/a><\/div><div class=\"o-posts-grid-post-body\"><h4 class=\"o-posts-grid-post-title\"><a href=\"https:\/\/pediateam.fr\/?p=2749\">Bo\u00eete \u00e0 outils a destination des parents et enseignants<\/a><\/h4><div class=\"o-posts-grid-post-description\"><p>L&rsquo;attention du jeune enfant La f\u00e9d\u00e9ration Fran\u00e7\u2026<\/p><a class=\"o-posts-read-more\" href=\"https:\/\/pediateam.fr\/?p=2749\">En savoir +<\/a><\/div><\/div><\/div><\/div><div class=\"o-posts-grid-post-blog o-posts-grid-post-plain\"><div class=\"o-posts-grid-post\"><div class=\"o-posts-grid-post-image\"><a href=\"https:\/\/pediateam.fr\/?p=2745\"><img loading=\"lazy\" decoding=\"async\" width=\"640\" height=\"427\" src=\"https:\/\/pediateam.fr\/wp-content\/uploads\/2025\/04\/startup-3267505_640.jpg\" class=\"attachment-medium_large size-medium_large\" alt=\"Transparence sant\u00e9 publique\" srcset=\"https:\/\/pediateam.fr\/wp-content\/uploads\/2025\/04\/startup-3267505_640.jpg 640w, https:\/\/pediateam.fr\/wp-content\/uploads\/2025\/04\/startup-3267505_640-300x200.jpg 300w, https:\/\/pediateam.fr\/wp-content\/uploads\/2025\/04\/startup-3267505_640-600x400.jpg 600w\" sizes=\"(max-width: 640px) 100vw, 640px\" \/><\/a><\/div><div class=\"o-posts-grid-post-body\"><h4 class=\"o-posts-grid-post-title\"><a href=\"https:\/\/pediateam.fr\/?p=2745\">Transparence sant\u00e9 publique<\/a><\/h4><div class=\"o-posts-grid-post-description\"><p>La base de donn\u00e9es publique Transparence &#8211; Sant\u2026<\/p><a class=\"o-posts-read-more\" href=\"https:\/\/pediateam.fr\/?p=2745\">En savoir +<\/a><\/div><\/div><\/div><\/div><\/div> <div class=\"o-posts-grid-pag\"><span aria-label=\"Page 1\" aria-current=\"page\" class=\"page-numbers current\">1<\/span>\n<a aria-label=\"Page 2\" class=\"page-numbers\" href=\"https:\/\/pediateam.fr\/index.php\/?paged=2&#038;rest_route=%2Fwp%2Fv2%2Fpages%2F1348\">2<\/a>\n<a aria-label=\"Page 3\" class=\"page-numbers\" href=\"https:\/\/pediateam.fr\/index.php\/?paged=3&#038;rest_route=%2Fwp%2Fv2%2Fpages%2F1348\">3<\/a>\n<a class=\"next page-numbers\" href=\"https:\/\/pediateam.fr\/index.php\/?paged=2&#038;rest_route=%2Fwp%2Fv2%2Fpages%2F1348\">>><\/a><\/div><\/div>\n\n\n<div style=\"height:100px\" aria-hidden=\"true\" class=\"wp-block-spacer\"><\/div>\n","protected":false},"excerpt":{"rendered":"","protected":false},"author":1,"featured_media":0,"parent":0,"menu_order":0,"comment_status":"closed","ping_status":"closed","template":"","meta":{"neve_meta_sidebar":"default","neve_meta_container":"default","neve_meta_enable_content_width":"","neve_meta_content_width":0,"neve_meta_title_alignment":"","neve_meta_author_avatar":"","neve_post_elements_order":"","neve_meta_disable_header":"","neve_meta_disable_footer":"","neve_meta_disable_title":"off","_themeisle_gutenberg_block_has_review":false,"footnotes":""},"class_list":["post-1348","page","type-page","status-publish","hentry"],"_links":{"self":[{"href":"https:\/\/pediateam.fr\/index.php?rest_route=\/wp\/v2\/pages\/1348","targetHints":{"allow":["GET"]}}],"collection":[{"href":"https:\/\/pediateam.fr\/index.php?rest_route=\/wp\/v2\/pages"}],"about":[{"href":"https:\/\/pediateam.fr\/index.php?rest_route=\/wp\/v2\/types\/page"}],"author":[{"embeddable":true,"href":"https:\/\/pediateam.fr\/index.php?rest_route=\/wp\/v2\/users\/1"}],"replies":[{"embeddable":true,"href":"https:\/\/pediateam.fr\/index.php?rest_route=%2Fwp%2Fv2%2Fcomments&post=1348"}],"version-history":[{"count":9,"href":"https:\/\/pediateam.fr\/index.php?rest_route=\/wp\/v2\/pages\/1348\/revisions"}],"predecessor-version":[{"id":2562,"href":"https:\/\/pediateam.fr\/index.php?rest_route=\/wp\/v2\/pages\/1348\/revisions\/2562"}],"wp:attachment":[{"href":"https:\/\/pediateam.fr\/index.php?rest_route=%2Fwp%2Fv2%2Fmedia&parent=1348"}],"curies":[{"name":"wp","href":"https:\/\/api.w.org\/{rel}","templated":true}]}}